{"id":8380,"date":"2022-02-22T15:40:15","date_gmt":"2022-02-22T15:46:54","guid":{"rendered":"https:\/\/clartherm.com\/product\/modele-eco-24v\/"},"modified":"2023-04-20T13:39:43","modified_gmt":"2023-04-20T13:39:43","slug":"modele-eco-24v","status":"publish","type":"product","link":"https:\/\/clartherm.com\/fr\/produit\/modele-eco-24v\/","title":{"rendered":"MOD\u00c8LE ECO 24V"},"content":{"rendered":"","protected":false},"excerpt":{"rendered":"<p>C\u2019est syst\u00e8me 24V est la derni\u00e8re incorporation dans notre gamme des mod\u00e8les. Il est fabriqu\u00e9 exclusivement pour le march\u00e9 des miroirs de derni\u00e8re g\u00e9n\u00e9ration qui incorporent des transformateurs de courant de 220V \u00e0 24V. On fabrique seulement 11 tailles diff\u00e9rents de ce mod\u00e8le.<\/p>\n<p>Comme tous les autres mod\u00e8les, c\u2019est aussi un syst\u00e8me multicouche, caract\u00e9ris\u00e9 par 4 couches d\u2019isolation et 1 couche adh\u00e9sive, et avec un seul c\u00e2ble ext\u00e9rieur de connexion 2&#215;1.<\/p>\n<p>Ce syst\u00e8me prend en charge une tension de 24V \/ 50 Hz et entre en fonctionnement apr\u00e8s approximative 3\/5 minutes, atteignant une temp\u00e9rature de approximative 32\u00baC et, par cette raison, est efficace et vite.<\/p>\n<p>Nous accordons une garantie de 55 ans pour ce syst\u00e8me avec une utilisation normale. Ce mod\u00e8le est certifie par IMQ TECNOCREA, sous norme EN-60335-1:2012+AC:2014+A11:2014+A13:2017+A1:2019+A2:2019 EN-62233:2008.<\/p>\n<p>Il faut tenir en compte que ce produit peut \u00eatre utilis\u00e9 seulement avec un transformateur de 24V.<\/p>\n<p>[vc_row][vc_column][woodmart_button woodmart_css_id=\"644140843edad\" title=\"Fiche technique\" link=\"url:https%3A%2F%2Fclartherm.com%2Fwp-content%2Fuploads%2F2023%2F04%2Fficha-tecnica-24v-IMQ-FRA.pdf|target:_blank\" full_width=\"no\" button_inline=\"no\" button_smooth_scroll=\"no\" wd_button_collapsible_content=\"no\" responsive_spacing=\"eyJwYXJhbV90eXBlIjoid29vZG1hcnRfcmVzcG9uc2l2ZV9zcGFjaW5nIiwic2VsZWN0b3JfaWQiOiI2NDQxNDA4NDNlZGFkIiwic2hvcnRjb2RlIjoid29vZG1hcnRfYnV0dG9uIiwiZGF0YSI6eyJ0YWJsZXQiOnt9LCJtb2JpbGUiOnt9fX0=\"][\/vc_column][\/vc_row]<\/p>\n","protected":false},"featured_media":7712,"template":"","meta":{"_monsterinsights_skip_tracking":false,"_monsterinsights_sitenote_active":false,"_monsterinsights_sitenote_note":"","_monsterinsights_sitenote_category":0},"product_brand":[],"product_cat":[88],"product_tag":[],"class_list":{"0":"post-8380","1":"product","2":"type-product","3":"status-publish","4":"has-post-thumbnail","6":"product_cat-produits","8":"first","9":"instock","10":"shipping-taxable","11":"product-type-simple"},"_links":{"self":[{"href":"https:\/\/clartherm.com\/fr\/wp-json\/wp\/v2\/product\/8380","targetHints":{"allow":["GET"]}}],"collection":[{"href":"https:\/\/clartherm.com\/fr\/wp-json\/wp\/v2\/product"}],"about":[{"href":"https:\/\/clartherm.com\/fr\/wp-json\/wp\/v2\/types\/product"}],"wp:featuredmedia":[{"embeddable":true,"href":"https:\/\/clartherm.com\/fr\/wp-json\/wp\/v2\/media\/7712"}],"wp:attachment":[{"href":"https:\/\/clartherm.com\/fr\/wp-json\/wp\/v2\/media?parent=8380"}],"wp:term":[{"taxonomy":"product_brand","embeddable":true,"href":"https:\/\/clartherm.com\/fr\/wp-json\/wp\/v2\/product_brand?post=8380"},{"taxonomy":"product_cat","embeddable":true,"href":"https:\/\/clartherm.com\/fr\/wp-json\/wp\/v2\/product_cat?post=8380"},{"taxonomy":"product_tag","embeddable":true,"href":"https:\/\/clartherm.com\/fr\/wp-json\/wp\/v2\/product_tag?post=8380"}],"curies":[{"name":"wp","href":"https:\/\/api.w.org\/{rel}","templated":true}]}}