{"id":7743,"date":"2020-11-17T15:06:30","date_gmt":"2020-11-17T15:06:30","guid":{"rendered":"https:\/\/clartherm.com\/product\/modelo-601\/"},"modified":"2023-04-20T13:13:46","modified_gmt":"2023-04-20T13:13:46","slug":"modele-601","status":"publish","type":"product","link":"https:\/\/clartherm.com\/fr\/produit\/modele-601\/","title":{"rendered":"MOD\u00c8LE 601"},"content":{"rendered":"","protected":false},"excerpt":{"rendered":"<p style=\"text-align: justify;\">L\u2019anti-bu\u00e9e 601 est notre premier mod\u00e8le, fabriqu\u00e9 depuis les d\u00e9buts de notre entreprise. Il s\u2019agit d\u2019un produit auto-certifi\u00e9. Il est un mod\u00e8le multicouche, caract\u00e9ris\u00e9 par deux couches d\u2019isolation et une couche adh\u00e9sive, et aussi les deux c\u00e2bles de connexion ext\u00e9rieurs.<\/p>\n<p style=\"text-align: justify;\">Ce syst\u00e8me prend en charge une tension de 220V-230V \/ 50 Hz et entre en fonctionnement apr\u00e8s approximative 3\/5 minutes, atteignant une temp\u00e9rature de approximative 32\u00baC et, par cette raison, est efficace et vite.<\/p>\n<p style=\"text-align: justify;\">Nous accordons une garantie de 5 ans pour ce syst\u00e8me avec une utilisation normale. Ce syst\u00e8me est fabriqu\u00e9 \u00e0 partir de la taille 300&#215;300 jusqu\u2019\u00e0 1010&#215;1360, la taille plus grande d\u2019une seule feuille.<\/p>\n<p style=\"text-align: justify;\">On peut fabriquer ce syst\u00e8me en n\u2019importe quelle forme (carr\u00e9, rond, triangulair&#8230;).<\/p>\n<p>[vc_row][vc_column][woodmart_button woodmart_css_id=\"64413a74a33af\" title=\"Fiche technique\" link=\"url:https%3A%2F%2Fclartherm.com%2Fwp-content%2Fuploads%2F2023%2F04%2Fficha-tecnica-220v-FRA-601.pdf|target:_blank\" full_width=\"no\" button_inline=\"no\" button_smooth_scroll=\"no\" wd_button_collapsible_content=\"no\" responsive_spacing=\"eyJwYXJhbV90eXBlIjoid29vZG1hcnRfcmVzcG9uc2l2ZV9zcGFjaW5nIiwic2VsZWN0b3JfaWQiOiI2NDQxM2E3NGEzM2FmIiwic2hvcnRjb2RlIjoid29vZG1hcnRfYnV0dG9uIiwiZGF0YSI6eyJ0YWJsZXQiOnt9LCJtb2JpbGUiOnt9fX0=\"][\/vc_column][\/vc_row]<\/p>\n","protected":false},"featured_media":7744,"template":"","meta":{"_monsterinsights_skip_tracking":false,"_monsterinsights_sitenote_active":false,"_monsterinsights_sitenote_note":"","_monsterinsights_sitenote_category":0},"product_brand":[],"product_cat":[88],"product_tag":[],"class_list":{"0":"post-7743","1":"product","2":"type-product","3":"status-publish","4":"has-post-thumbnail","6":"product_cat-produits","8":"first","9":"instock","10":"virtual","11":"product-type-simple"},"_links":{"self":[{"href":"https:\/\/clartherm.com\/fr\/wp-json\/wp\/v2\/product\/7743","targetHints":{"allow":["GET"]}}],"collection":[{"href":"https:\/\/clartherm.com\/fr\/wp-json\/wp\/v2\/product"}],"about":[{"href":"https:\/\/clartherm.com\/fr\/wp-json\/wp\/v2\/types\/product"}],"wp:featuredmedia":[{"embeddable":true,"href":"https:\/\/clartherm.com\/fr\/wp-json\/wp\/v2\/media\/7744"}],"wp:attachment":[{"href":"https:\/\/clartherm.com\/fr\/wp-json\/wp\/v2\/media?parent=7743"}],"wp:term":[{"taxonomy":"product_brand","embeddable":true,"href":"https:\/\/clartherm.com\/fr\/wp-json\/wp\/v2\/product_brand?post=7743"},{"taxonomy":"product_cat","embeddable":true,"href":"https:\/\/clartherm.com\/fr\/wp-json\/wp\/v2\/product_cat?post=7743"},{"taxonomy":"product_tag","embeddable":true,"href":"https:\/\/clartherm.com\/fr\/wp-json\/wp\/v2\/product_tag?post=7743"}],"curies":[{"name":"wp","href":"https:\/\/api.w.org\/{rel}","templated":true}]}}