{"id":7594,"date":"2020-11-17T11:18:12","date_gmt":"2020-11-17T11:18:12","guid":{"rendered":"https:\/\/clartherm.com\/quienes-somos\/"},"modified":"2023-04-20T09:20:40","modified_gmt":"2023-04-20T09:20:40","slug":"a-propos","status":"publish","type":"page","link":"https:\/\/clartherm.com\/fr\/a-propos\/","title":{"rendered":"\u00c0 PROPOS"},"content":{"rendered":"<div class=\"wpb-content-wrapper\"><p>[vc_row full_width=\u00a0\u00bbstretch_row_content_no_spaces\u00a0\u00bb css=\u00a0\u00bb.vc_custom_1509464121140{margin-top: -40px !important;}\u00a0\u00bb][vc_column css=\u00a0\u00bb.vc_custom_1509464067460{margin-top: -40px !important;padding-top: 0px !important;}\u00a0\u00bb][rev_slider_vc alias=\u00a0\u00bbinici-1&Prime;][\/vc_column][\/vc_row][vc_row full_width=\u00a0\u00bbstretch_row\u00a0\u00bb woodmart_disable_overflow=\u00a0\u00bb1&Prime; css=\u00a0\u00bb.vc_custom_1605605660387{padding-top: 2vh !important;padding-bottom: 2vh !important;background-color: #a2cdef !important;background-position: center !important;background-repeat: no-repeat !important;background-size: cover !important;}\u00a0\u00bb mobile_bg_img_hidden=\u00a0\u00bbno\u00a0\u00bb tablet_bg_img_hidden=\u00a0\u00bbno\u00a0\u00bb woodmart_parallax=\u00a0\u00bb0&Prime; woodmart_gradient_switch=\u00a0\u00bbno\u00a0\u00bb row_reverse_mobile=\u00a0\u00bb0&Prime; row_reverse_tablet=\u00a0\u00bb0&Prime;][vc_column woodmart_color_scheme=\u00a0\u00bblight\u00a0\u00bb css=\u00a0\u00bb.vc_custom_1509546495973{padding-top: 0px !important;}\u00a0\u00bb]\t\t\t<div id=\"wd-603cde84b00c9\" class=\"wd-text-block-wrapper wd-wpb wd-rs-603cde84b00c9 color-scheme-light text-center wd-width-enabled vc_custom_1614601865638\" style=\"--wd-max-width: 50%;\">\n\t\t\t\t<div class=\"woodmart-title-container woodmart-text-block reset-last-child font-primary wd-font-weight-600 \">\n\t\t\t\t\t\u00c0 PROPOS\t\t\t\t<\/div>\n\n\t\t\t\t\t\t\t<\/div>\n\t\t[\/vc_column][\/vc_row][vc_row][vc_column][vc_empty_space height=\u00a0\u00bb20px\u00a0\u00bb woodmart_hide_large=\u00a0\u00bb0&Prime; woodmart_hide_medium=\u00a0\u00bb0&Prime; woodmart_hide_small=\u00a0\u00bb0&Prime; woodmart_hide_extra_small=\u00a0\u00bb0&Prime;][\/vc_column][\/vc_row][vc_row][vc_column][vc_column_text css=\u00a0\u00bb.vc_custom_1614601910317{margin-bottom: 20px !important;}\u00a0\u00bb text_larger=\u00a0\u00bbno\u00a0\u00bb]<\/p>\n<p style=\"text-align: justify;\">Exporthink Bages S.L. fabrique et distribue des syst\u00e8mes anti-bu\u00e9e pour des miroirs de bain depuis plus de 30 ans. Situ\u00e9 dans le centre de Catalogne, en concr\u00e8te au village de Nav\u00e0s, Clartherm dispose des installations de 1500 m\u00b2 ou on fabrique et distribue le produit.<\/p>\n<p>[\/vc_column_text][vc_column_text css=\u00a0\u00bb.vc_custom_1614601927812{margin-bottom: 20px !important;}\u00a0\u00bb text_larger=\u00a0\u00bbno\u00a0\u00bb]Une equipe des professionnelles devant d\u2019une entreprise petite grande.[\/vc_column_text][\/vc_column][\/vc_row][vc_row][vc_column][vc_empty_space height=\u00a0\u00bb20px\u00a0\u00bb woodmart_hide_large=\u00a0\u00bb0&Prime; woodmart_hide_medium=\u00a0\u00bb0&Prime; woodmart_hide_small=\u00a0\u00bb0&Prime; woodmart_hide_extra_small=\u00a0\u00bb0&Prime;][\/vc_column][\/vc_row][vc_row content_placement=\u00a0\u00bbmiddle\u00a0\u00bb css=\u00a0\u00bb.vc_custom_1505555012006{margin-bottom: 5vh !important;}\u00a0\u00bb][vc_column offset=\u00a0\u00bbvc_col-md-6&Prime;]\t\t<div id=\"gallery_666\" class=\"wd-images-gallery wd-wpb wd-rs-644103d9dfa66 photoswipe-images wd-carousel-container wd-wpb\" style=\"--wd-justify-content:center;--wd-align-items:center;\">\n\t\t\t\t\t\t\t<div class=\"wd-carousel-inner\">\n\t\t\t\n\t\t\t<div class=\" wd-carousel wd-grid\"data-speed=\"3000\" data-autoplay=\"yes\" data-scroll_per_page=\"yes\" style=\"--wd-col-lg:1;--wd-col-md:1;--wd-col-sm:1;--wd-gap-lg:0px;\">\n\t\t\t\t\t\t\t\t\t<div class=\"wd-carousel-wrap\">\n\t\t\t\t\n\t\t\t\t\t\t\t\t\t\t\t\t\t\t\t<div class=\"wd-gallery-item wd-carousel-item\">\n\t\t\t\t\t\t\t\t\t\t\t\t\t\t<a href=\"https:\/\/clartherm.com\/wp-content\/uploads\/2020\/12\/ISAAC-2-2.png\" data-elementor-open-lightbox=\"no\" data-index=\"1\" data-width=\"320\" data-height=\"427\" \n\t\t\t\t\t\t\t\t\t\t\t\t\t\t\t\t\t\t\t\t>\n\t\t\t\t\t\t\t\t\n\t\t\t\t\t\t\t\t<img loading=\"lazy\" decoding=\"async\" width=\"320\" height=\"427\" src=\"https:\/\/clartherm.com\/wp-content\/uploads\/2020\/12\/ISAAC-2-2.png\" class=\"wd-gallery-image image-1\" alt=\"\" srcset=\"https:\/\/clartherm.com\/wp-content\/uploads\/2020\/12\/ISAAC-2-2.png 320w, https:\/\/clartherm.com\/wp-content\/uploads\/2020\/12\/ISAAC-2-2-225x300.png 225w\" sizes=\"auto, (max-width: 320px) 100vw, 320px\" \/>\n\t\t\t\t\t\t\t\t\t\t\t\t\t\t\t<\/a>\n\t\t\t\t\t\t\t\t\t\t\t\t<\/div>\n\t\t\t\t\t\t\t\t\t\n\t\t\t\t\t\t\t\t\t<\/div>\n\t\t\t\t\t\t\t<\/div>\n\n\t\t\t\t\t\t\t\t\t\t\t\t\t\t<div class=\"wd-nav-arrows wd-pos-sep wd-hover-1 wd-icon-1\">\n\t\t\t<div class=\"wd-btn-arrow wd-prev wd-disabled\">\n\t\t\t\t<div class=\"wd-arrow-inner\"><\/div>\n\t\t\t<\/div>\n\t\t\t<div class=\"wd-btn-arrow wd-next\">\n\t\t\t\t<div class=\"wd-arrow-inner\"><\/div>\n\t\t\t<\/div>\n\t\t<\/div>\n\t\t\t\t\t\t\n\t\t\t\t<\/div>\n\n\t\t\t\t\t\t<div class=\"wd-nav-pagin-wrap text-center wd-style-shape wd-hide-md-sm wd-hide-sm\">\n\t\t\t<ul class=\"wd-nav-pagin\"><\/ul>\n\t\t<\/div>\n\t\t\t\t\t\t\t\t\t\t\t<\/div>\n\t\t[\/vc_column][vc_column woodmart_color_scheme=\u00a0\u00bbdark\u00a0\u00bb css=\u00a0\u00bb.vc_custom_1505897347535{padding-top: 2vh !important;padding-bottom: 2vh !important;background-position: 0 0 !important;background-repeat: no-repeat !important;}\u00a0\u00bb offset=\u00a0\u00bbvc_col-md-6 vc_col-xs-12&Prime;][vc_column_text css=\u00a0\u00bb.vc_custom_1614601948078{margin-bottom: 20px !important;}\u00a0\u00bb text_larger=\u00a0\u00bbno\u00a0\u00bb]<\/p>\n<p style=\"text-align: justify;\">Notre soci\u00e9t\u00e9 rende service \u00e0 des clients en toute l\u2019Espagne, et aux ext\u00e9rieur, \u00e0 des client des Emirates Arabes, Qatar, Arabie Saudi, Lituanie, Inde, Autriche, Colonie, Portugal, Allemagne, France, Maroc, Br\u00e9sil, etc. Nous sommes l\u2019entreprise pionni\u00e8re en Espagne dans la fabrication des syst\u00e8mes anti-bu\u00e9e pour des miroirs de bain.<\/p>\n<p>[\/vc_column_text][vc_column_text css=\u00a0\u00bb.vc_custom_1614601967124{margin-bottom: 20px !important;}\u00a0\u00bb text_larger=\u00a0\u00bbno\u00a0\u00bb]<\/p>\n<p style=\"text-align: justify;\">Le produit Clartherm est innovant et pratique. Tous nos mod\u00e8les sont soumis \u00e0 des contr\u00f4les rigoureux avant d\u2019\u00eatre envoy\u00e9. Nous nous conformons \u00e0 toutes les certifications obligatoires pour leur distribution dans tous le monde. Le groupe T\u00dcV Rheinland certifie nos mod\u00e8les 2012 et 125, aussi bien que la fabrication m\u00eame, pour offrir la plus haute qualit\u00e9 \u00e0 tous nos clients.<\/p>\n<p>[\/vc_column_text][vc_column_text css=\u00a0\u00bb.vc_custom_1614601983995{margin-bottom: 20px !important;}\u00a0\u00bb text_larger=\u00a0\u00bbno\u00a0\u00bb]<\/p>\n<p style=\"text-align: justify;\">Nous sommes des sp\u00e9cialistes dans la fabrication sur mesure et nous nous adaptons aux n\u00e9cessit\u00e9s de chaque un de nos clients.<\/p>\n<p>[\/vc_column_text][\/vc_column][\/vc_row]<\/p>\n<\/div>","protected":false},"excerpt":{"rendered":"<p>[vc_row full_width=\u00a0\u00bbstretch_row_content_no_spaces\u00a0\u00bb css=\u00a0\u00bb.vc_custom_1509464121140{margin-top: -40px !important;}\u00a0\u00bb][vc_column css=\u00a0\u00bb.vc_custom_1509464067460{margin-top: -40px !important;padding-top: 0px !important;}\u00a0\u00bb][rev_slider_vc alias=\u00a0\u00bbinici-1&Prime;][\/vc_column][\/vc_row][vc_row full_width=\u00a0\u00bbstretch_row\u00a0\u00bb woodmart_disable_overflow=\u00a0\u00bb1&Prime; css=\u00a0\u00bb.vc_custom_1605605660387{padding-top: 2vh !important;padding-bottom: 2vh !important;background-color: #a2cdef !important;background-position:<\/p>\n","protected":false},"author":36,"featured_media":0,"parent":0,"menu_order":0,"comment_status":"closed","ping_status":"closed","template":"","meta":{"_monsterinsights_skip_tracking":false,"_monsterinsights_sitenote_active":false,"_monsterinsights_sitenote_note":"","_monsterinsights_sitenote_category":0,"footnotes":""},"class_list":["post-7594","page","type-page","status-publish","hentry"],"_links":{"self":[{"href":"https:\/\/clartherm.com\/fr\/wp-json\/wp\/v2\/pages\/7594","targetHints":{"allow":["GET"]}}],"collection":[{"href":"https:\/\/clartherm.com\/fr\/wp-json\/wp\/v2\/pages"}],"about":[{"href":"https:\/\/clartherm.com\/fr\/wp-json\/wp\/v2\/types\/page"}],"author":[{"embeddable":true,"href":"https:\/\/clartherm.com\/fr\/wp-json\/wp\/v2\/users\/36"}],"replies":[{"embeddable":true,"href":"https:\/\/clartherm.com\/fr\/wp-json\/wp\/v2\/comments?post=7594"}],"version-history":[{"count":4,"href":"https:\/\/clartherm.com\/fr\/wp-json\/wp\/v2\/pages\/7594\/revisions"}],"predecessor-version":[{"id":8747,"href":"https:\/\/clartherm.com\/fr\/wp-json\/wp\/v2\/pages\/7594\/revisions\/8747"}],"wp:attachment":[{"href":"https:\/\/clartherm.com\/fr\/wp-json\/wp\/v2\/media?parent=7594"}],"curies":[{"name":"wp","href":"https:\/\/api.w.org\/{rel}","templated":true}]}}