{"id":7590,"date":"2020-11-17T11:25:58","date_gmt":"2020-11-17T11:25:58","guid":{"rendered":"https:\/\/clartherm.com\/productos\/"},"modified":"2023-04-20T09:37:46","modified_gmt":"2023-04-20T09:37:46","slug":"produits","status":"publish","type":"page","link":"https:\/\/clartherm.com\/fr\/produits\/","title":{"rendered":"PRODUITS"},"content":{"rendered":"<div class=\"wpb-content-wrapper\"><p>[vc_row full_width=\u00a0\u00bbstretch_row_content_no_spaces\u00a0\u00bb css=\u00a0\u00bb.vc_custom_1509464121140{margin-top: -40px !important;}\u00a0\u00bb][vc_column css=\u00a0\u00bb.vc_custom_1509464067460{margin-top: -40px !important;padding-top: 0px !important;}\u00a0\u00bb][rev_slider_vc alias=\u00a0\u00bbquienes-somos-1&Prime;][\/vc_column][\/vc_row][vc_row full_width=\u00a0\u00bbstretch_row\u00a0\u00bb woodmart_disable_overflow=\u00a0\u00bb1&Prime; css=\u00a0\u00bb.vc_custom_1605605660387{padding-top: 2vh !important;padding-bottom: 2vh !important;background-color: #a2cdef !important;background-position: center !important;background-repeat: no-repeat !important;background-size: cover !important;}\u00a0\u00bb mobile_bg_img_hidden=\u00a0\u00bbno\u00a0\u00bb tablet_bg_img_hidden=\u00a0\u00bbno\u00a0\u00bb woodmart_parallax=\u00a0\u00bb0&Prime; woodmart_gradient_switch=\u00a0\u00bbno\u00a0\u00bb row_reverse_mobile=\u00a0\u00bb0&Prime; row_reverse_tablet=\u00a0\u00bb0&Prime;][vc_column woodmart_color_scheme=\u00a0\u00bblight\u00a0\u00bb css=\u00a0\u00bb.vc_custom_1509546495973{padding-top: 0px !important;}\u00a0\u00bb]\t\t\t<div id=\"wd-603cdb4397587\" class=\"wd-text-block-wrapper wd-wpb wd-rs-603cdb4397587 color-scheme-light text-center wd-width-enabled vc_custom_1614601040966\" style=\"--wd-max-width: 50%;\">\n\t\t\t\t<div class=\"woodmart-title-container woodmart-text-block reset-last-child font-primary wd-font-weight-600 \">\n\t\t\t\t\tPRODUITS\t\t\t\t<\/div>\n\n\t\t\t\t\t\t\t<\/div>\n\t\t[\/vc_column][\/vc_row][vc_row][vc_column][vc_empty_space height=\u00a0\u00bb20px\u00a0\u00bb woodmart_hide_large=\u00a0\u00bb0&Prime; woodmart_hide_medium=\u00a0\u00bb0&Prime; woodmart_hide_small=\u00a0\u00bb0&Prime; woodmart_hide_extra_small=\u00a0\u00bb0&Prime;][\/vc_column][\/vc_row][vc_row][vc_column][vc_column_text css=\u00a0\u00bb.vc_custom_1614601161283{margin-bottom: 20px !important;}\u00a0\u00bb text_larger=\u00a0\u00bbno\u00a0\u00bb]<\/p>\n<p style=\"text-align: justify;\">Le syst\u00e8me anti-bu\u00e9e Clartherm est une r\u00e9sistance \u00e9lectrique multicouche qui fournit l\u2019arri\u00e8re du miroir avec de la chaleur pour \u00e9viter que le miroir devient brumeux.<\/p>\n<p style=\"text-align: justify;\">Le syst\u00e8me anti-bu\u00e9e es fabriqu\u00e9 par plusieurs couches qui sont enti\u00e8rement isolant, c\u2019est \u00e0 dir, personne se peut cramper s\u2019il touche le syst\u00e8me avec la main apr\u00e8s la connexion aux courant \u00e9lectrique.<\/p>\n<p style=\"text-align: justify;\">Les multicouches sont d\u2019entre 2 \u00e0 4 selon le mod\u00e8le, et il y a une d\u2019entre eux qui est autocollant pour faciliter l\u2019installation du syst\u00e8me en arri\u00e8re du miroir.<\/p>\n<p style=\"text-align: justify;\">L\u2019anti-bu\u00e9e dispose aussi des c\u00e2bles de connexion aux courant \u00e9lectrique ; c\u2019est la connexion entre le syst\u00e8me et le r\u00e9seau \u00e9lectrique, selon la puissance.<\/p>\n<p style=\"text-align: justify;\">Les syst\u00e8mes anti-bu\u00e9e Clartherm sont fabriqu\u00e9s dans n\u2019importe quelle taille et forme. La mesure la plus grande d\u2019une seule feuille est de 1010 x 1360 mm.<\/p>\n<p style=\"text-align: justify;\">Pour des miroirs des grandes dimensions, on peut installer deux ou plus des syst\u00e8mes dans un seul miroir et connecter les syst\u00e8mes entre eux.<\/p>\n<p>[\/vc_column_text][\/vc_column][\/vc_row][vc_row][vc_column][vc_empty_space height=\u00a0\u00bb20px\u00a0\u00bb woodmart_hide_large=\u00a0\u00bb0&Prime; woodmart_hide_medium=\u00a0\u00bb0&Prime; woodmart_hide_small=\u00a0\u00bb0&Prime; woodmart_hide_extra_small=\u00a0\u00bb0&Prime;][\/vc_column][\/vc_row][vc_row][vc_column]\t\t\t<div id=\"wd-603cdcd2f0d41\" class=\"wd-text-block-wrapper wd-wpb wd-rs-603cdcd2f0d41 color-scheme-light text-left wd-width-enabled vc_custom_1614601454052\" style=\"--wd-max-width: 90%;\">\n\t\t\t\t<div class=\"woodmart-title-container woodmart-text-block reset-last-child font-primary wd-font-weight-600 \">\n\t\t\t\t\t<span style=\"color: #28a4e3;\">NOS SYST\u00c8MES ANTI-BU\u00c9E PEUVENT \u00caTRE INSTALL\u00c9 DANS:<\/span>\t\t\t\t<\/div>\n\n\t\t\t\t\t\t\t<\/div>\n\t\t[vc_column_text css=\u00a0\u00bb.vc_custom_1614601416670{margin-bottom: 20px !important;}\u00a0\u00bb text_larger=\u00a0\u00bbno\u00a0\u00bb]<\/p>\n<p style=\"text-align: justify;\"><span style=\"color: #28a4e3;\"><strong>Des miroirs en silicone:<\/strong> <\/span>L\u2019\u00e9paisseur du syst\u00e8me n\u2019emp\u00eache pas le placement des miroirs en silicone directement au mur.<\/p>\n<p style=\"text-align: justify;\"><span style=\"color: #28a4e3;\"><strong>Des miroirs avec des cintres:<\/strong> <\/span>Nous pouvons adapter nos syst\u00e8mes \u00e0 tous les cintres que existent au march\u00e9. On peut m\u00eame fabriquer des syst\u00e8mes avec des d\u00e9coupes \u00e0 la place des cintres pour couvrir toute la surface du miroir.<\/p>\n<p style=\"text-align: justify;\"><span style=\"color: #28a4e3;\"><strong>Des miroirs avec l\u2019arri\u00e8re en bois:<\/strong><\/span> La temp\u00e9rature relativement basse du syst\u00e8me et sa petite \u00e9paisseur permettent que nos anti-bu\u00e9es peut \u00eatre install\u00e9s sans probl\u00e8mes sur des miroirs avec l\u2019arri\u00e8re en bois.<\/p>\n<p style=\"text-align: justify;\"><span style=\"color: #000000;\"><strong>Avis important:<\/strong><\/span> il faut toujours la connexion aux courant \u00e9lectrique (220v. &#8211; 110v. &#8211; 24v.) command\u00e9 par un interrupteur qui permet ouvrir et fermer le courant.<\/p>\n<p style=\"text-align: justify;\">Clartherm interdit cat\u00e9goriquement la connexion de nos syst\u00e8mes aux courant continue (prises de courant).<\/p>\n<p>[\/vc_column_text][\/vc_column][\/vc_row][vc_row][vc_column][vc_empty_space height=\u00a0\u00bb20px\u00a0\u00bb woodmart_hide_large=\u00a0\u00bb0&Prime; woodmart_hide_medium=\u00a0\u00bb0&Prime; woodmart_hide_small=\u00a0\u00bb0&Prime; woodmart_hide_extra_small=\u00a0\u00bb0&Prime;][\/vc_column][\/vc_row][vc_row][vc_column]\t\t\t<div id=\"wd-603cdd037af6d\" class=\"wd-text-block-wrapper wd-wpb wd-rs-603cdd037af6d color-scheme-light text-left wd-width-enabled vc_custom_1614601488761\" style=\"--wd-max-width: 50%;\">\n\t\t\t\t<div class=\"woodmart-title-container woodmart-text-block reset-last-child font-primary wd-font-weight-600 \">\n\t\t\t\t\t<span style=\"color: #28a4e3;\">DES AVANTAGES<\/span>\t\t\t\t<\/div>\n\n\t\t\t\t\t\t\t<\/div>\n\t\t[vc_column_text css=\u00a0\u00bb.vc_custom_1614601528359{margin-bottom: 20px !important;}\u00a0\u00bb text_larger=\u00a0\u00bbno\u00a0\u00bb]<\/p>\n<p style=\"text-align: justify;\">Les vertus de notre produit sont principalement de maintenir le miroir du bain sec et sans accumulation de bu\u00e9e ; de cette fa\u00e7on nous allons obtenir une affichage net sans besoin des s\u00e9choirs, mains, serviettes, etc.<\/p>\n<p style=\"text-align: justify;\">D\u2019autre part, la NO accumulation d\u2019humidit\u00e9 au miroir allongera sa vie et \u00e9vitera \u00e0 court terme la corrosion.<\/p>\n<p style=\"text-align: justify;\">Finalement, on augmente la s\u00e9curit\u00e9 du miroir, des que la feuille adh\u00e9sive agit comme un adh\u00e9rent, c\u2019est \u00e0 dire, au cas de casse du miroir, \u00e9vitera la chute de morceaux de verre.<\/p>\n<p>[\/vc_column_text][\/vc_column][\/vc_row][vc_row][vc_column][vc_empty_space height=\u00a0\u00bb20px\u00a0\u00bb woodmart_hide_large=\u00a0\u00bb0&Prime; woodmart_hide_medium=\u00a0\u00bb0&Prime; woodmart_hide_small=\u00a0\u00bb0&Prime; woodmart_hide_extra_small=\u00a0\u00bb0&Prime;][\/vc_column][\/vc_row][vc_row][vc_column]\t\t\t<div id=\"wd-603cdd400f2e6\" class=\"wd-text-block-wrapper wd-wpb wd-rs-603cdd400f2e6 color-scheme-light text-left wd-width-enabled vc_custom_1614601546184\" style=\"--wd-max-width: 50%;\">\n\t\t\t\t<div class=\"woodmart-title-container woodmart-text-block reset-last-child font-primary wd-font-weight-600 \">\n\t\t\t\t\t<span style=\"color: #28a4e3;\">FONCTIONNEMENT<\/span>\t\t\t\t<\/div>\n\n\t\t\t\t\t\t\t<\/div>\n\t\t[vc_column_text css=\u00a0\u00bb.vc_custom_1614601572943{margin-bottom: 20px !important;}\u00a0\u00bb text_larger=\u00a0\u00bbno\u00a0\u00bb]<\/p>\n<p style=\"text-align: justify;\">Une fois connect\u00e9 au r\u00e9seau \u00e9lectrique et a travers du interrupteur correspondant, on met le syst\u00e8me en fonctionnement ou on l&rsquo;arr\u00eate. Apr\u00e8s quelques minutes le syst\u00e8me arrive \u00e0 la puissance maxime, \u00e0 une temp\u00e9rature approximative de 32\u00baC, suffisant pour \u00e9viter l\u2019accumulation de bu\u00e9e au miroir. La surface du miroir qui restera sans bu\u00e9e est approximativement 5 cm plus grande que la surface de notre syst\u00e8me anti-bu\u00e9e. (exemple : un syst\u00e8me de 100&#215;100 va d\u00e9sembuer une surface de 110&#215;110).<\/p>\n<p>[\/vc_column_text][\/vc_column][\/vc_row][vc_row][vc_column][vc_empty_space height=\u00a0\u00bb20px\u00a0\u00bb woodmart_hide_large=\u00a0\u00bb0&Prime; woodmart_hide_medium=\u00a0\u00bb0&Prime; woodmart_hide_small=\u00a0\u00bb0&Prime; woodmart_hide_extra_small=\u00a0\u00bb0&Prime;][\/vc_column][\/vc_row][vc_row][vc_column]\t\t\t<div id=\"wd-603cdd6a5fe08\" class=\"wd-text-block-wrapper wd-wpb wd-rs-603cdd6a5fe08 color-scheme-light text-left wd-width-enabled vc_custom_1614601588333\" style=\"--wd-max-width: 50%;\">\n\t\t\t\t<div class=\"woodmart-title-container woodmart-text-block reset-last-child font-primary wd-font-weight-600 \">\n\t\t\t\t\t<span style=\"color: #28a4e3;\">INSTALLATION<\/span>\t\t\t\t<\/div>\n\n\t\t\t\t\t\t\t<\/div>\n\t\t[vc_column_text css=\u00a0\u00bb.vc_custom_1614601651392{margin-bottom: 20px !important;}\u00a0\u00bb text_larger=\u00a0\u00bbno\u00a0\u00bb]<\/p>\n<p style=\"text-align: justify;\">L\u2019installation de notre produit est facile et vite.<\/p>\n<p style=\"text-align: justify;\">On peut installer nos syst\u00e8mes anti-bu\u00e9e au n\u2019importe que miroir de bain, tant qu\u2019on a acc\u00e8s \u00e0 la parte arri\u00e8re du miroir, ou il faut adh\u00e9rer la feuille. En plus, on peut combiner deux ou plusieurs des syst\u00e8mes anti-bu\u00e9e sur un seul miroir, si la dimension du miroir est tr\u00e8s grande.<\/p>\n<p style=\"text-align: justify;\">D\u2019abord il faudrait v\u00e9rifier avec un tester la puissance (230V\/125V\/24V). Apr\u00e8s at avec l\u2019interrupteur ferm\u00e9, connecter le c\u00e2ble bleu du syst\u00e8me avec un c\u00e2ble du r\u00e9seau \u00e9lectrique et le c\u00e2ble marron avec l\u2019autre c\u00e2ble du r\u00e9seau \u00e9lectrique.<\/p>\n<p style=\"text-align: justify;\">Jamais connecter le c\u00e2ble de terre (couleur jaune et vert). Quand les deux c\u00e2bles sont connect\u00e9s, le syst\u00e8me anti-bu\u00e9e est pr\u00eat pour \u00eatre utilis\u00e9.<\/p>\n<p style=\"text-align: justify;\">Dans le cas des miroirs de silicone, il faudrait v\u00e9rifier le fonctionnement du syst\u00e8me avant d\u2019adh\u00e9rer le miroir au mur.<\/p>\n<p>[\/vc_column_text][\/vc_column][\/vc_row][vc_row][vc_column][vc_empty_space height=\u00a0\u00bb20px\u00a0\u00bb woodmart_hide_large=\u00a0\u00bb0&Prime; woodmart_hide_medium=\u00a0\u00bb0&Prime; woodmart_hide_small=\u00a0\u00bb0&Prime; woodmart_hide_extra_small=\u00a0\u00bb0&Prime;][vc_row_inner][vc_column_inner width=\u00a0\u00bb1\/3&Prime;]<div id=\"wd-644107d279011\" class=\" wd-rs-644107d279011  wd-button-wrapper text-center\"><a href=\"https:\/\/clartherm.com\/wp-content\/uploads\/2023\/04\/catalogo-2022-clartherm-frances_compressed.pdf\" title=\"\" target=\"_blank\" style=\"--btn-color:#fff;--btn-color-hover:#fff;\" class=\"btn btn-style-default btn-shape-rectangle btn-size-default\">VOIR CATALOGUE<\/a><\/div>[\/vc_column_inner][vc_column_inner width=\u00a0\u00bb1\/3&Prime;]<div id=\"wd-643fcbd8e1590\" class=\" wd-rs-643fcbd8e1590  wd-button-wrapper text-center\"><a href=\"https:\/\/clartherm.com\/wp-content\/uploads\/2023\/04\/CERT.-IMQ-2022-1_pages-to-jpg-0001.jpg\" title=\"\" target=\"_blank\" style=\"--btn-color:#fff;--btn-color-hover:#fff;\" class=\"btn btn-style-default btn-shape-rectangle btn-size-default\">CERTIFICAT<\/a><\/div>[\/vc_column_inner][vc_column_inner width=\u00a0\u00bb1\/3&Prime;]<div id=\"wd-604257edee1d5\" class=\" wd-rs-604257edee1d5  wd-button-wrapper text-center\"><a href=\"https:\/\/clartherm.com\/wp-content\/uploads\/2020\/12\/Hoja-instalacion-espanol.pdf\" title=\"\" target=\"_blank\" style=\"--btn-color:#fff;--btn-color-hover:#fff;\" class=\"btn btn-style-default btn-shape-rectangle btn-size-default\">INSTRUCTIONS D&#039;INSTALLATION<\/a><\/div>[\/vc_column_inner][\/vc_row_inner][\/vc_column][\/vc_row][vc_row][vc_column][vc_empty_space height=\u00a0\u00bb80px\u00a0\u00bb woodmart_hide_large=\u00a0\u00bb0&Prime; woodmart_hide_medium=\u00a0\u00bb0&Prime; woodmart_hide_small=\u00a0\u00bb0&Prime; woodmart_hide_extra_small=\u00a0\u00bb0&Prime;][\/vc_column][\/vc_row][vc_row][vc_column]\t\t\t<div id=\"wd-604257fe5ecbe\" class=\"wd-text-block-wrapper wd-wpb wd-rs-604257fe5ecbe color-scheme-light text-left wd-width-enabled vc_custom_1614960644375\" style=\"--wd-max-width: 50%;\">\n\t\t\t\t<div class=\"woodmart-title-container woodmart-text-block reset-last-child font-primary wd-font-weight-600 \">\n\t\t\t\t\t<span style=\"color: #28a4e3;\">VID\u00c9OS<\/span>\t\t\t\t<\/div>\n\n\t\t\t\t\t\t\t<\/div>\n\t\t[\/vc_column][\/vc_row][vc_row][vc_column width=\u00a0\u00bb1\/3&Prime;][vc_video link=\u00a0\u00bbhttps:\/\/www.youtube.com\/watch?v=EcjCJUZr7dA\u00a0\u00bb image_poster_switch=\u00a0\u00bbno\u00a0\u00bb][\/vc_column][vc_column width=\u00a0\u00bb1\/3&Prime;][vc_video link=\u00a0\u00bbhttps:\/\/www.youtube.com\/watch?v=892S5JECZQQ\u00a0\u00bb image_poster_switch=\u00a0\u00bbno\u00a0\u00bb][\/vc_column][vc_column width=\u00a0\u00bb1\/3&Prime;][vc_video link=\u00a0\u00bbhttps:\/\/www.youtube.com\/watch?v=RT-E8y08Yd0&Prime; image_poster_switch=\u00a0\u00bbno\u00a0\u00bb][\/vc_column][\/vc_row]<\/p>\n<\/div>","protected":false},"excerpt":{"rendered":"<p>[vc_row full_width=\u00a0\u00bbstretch_row_content_no_spaces\u00a0\u00bb css=\u00a0\u00bb.vc_custom_1509464121140{margin-top: -40px !important;}\u00a0\u00bb][vc_column css=\u00a0\u00bb.vc_custom_1509464067460{margin-top: -40px !important;padding-top: 0px !important;}\u00a0\u00bb][rev_slider_vc alias=\u00a0\u00bbquienes-somos-1&Prime;][\/vc_column][\/vc_row][vc_row full_width=\u00a0\u00bbstretch_row\u00a0\u00bb woodmart_disable_overflow=\u00a0\u00bb1&Prime; css=\u00a0\u00bb.vc_custom_1605605660387{padding-top: 2vh !important;padding-bottom: 2vh !important;background-color: #a2cdef !important;background-position:<\/p>\n","protected":false},"author":36,"featured_media":0,"parent":0,"menu_order":0,"comment_status":"closed","ping_status":"closed","template":"","meta":{"_monsterinsights_skip_tracking":false,"_monsterinsights_sitenote_active":false,"_monsterinsights_sitenote_note":"","_monsterinsights_sitenote_category":0,"footnotes":""},"class_list":["post-7590","page","type-page","status-publish","hentry"],"_links":{"self":[{"href":"https:\/\/clartherm.com\/fr\/wp-json\/wp\/v2\/pages\/7590","targetHints":{"allow":["GET"]}}],"collection":[{"href":"https:\/\/clartherm.com\/fr\/wp-json\/wp\/v2\/pages"}],"about":[{"href":"https:\/\/clartherm.com\/fr\/wp-json\/wp\/v2\/types\/page"}],"author":[{"embeddable":true,"href":"https:\/\/clartherm.com\/fr\/wp-json\/wp\/v2\/users\/36"}],"replies":[{"embeddable":true,"href":"https:\/\/clartherm.com\/fr\/wp-json\/wp\/v2\/comments?post=7590"}],"version-history":[{"count":7,"href":"https:\/\/clartherm.com\/fr\/wp-json\/wp\/v2\/pages\/7590\/revisions"}],"predecessor-version":[{"id":8780,"href":"https:\/\/clartherm.com\/fr\/wp-json\/wp\/v2\/pages\/7590\/revisions\/8780"}],"wp:attachment":[{"href":"https:\/\/clartherm.com\/fr\/wp-json\/wp\/v2\/media?parent=7590"}],"curies":[{"name":"wp","href":"https:\/\/api.w.org\/{rel}","templated":true}]}}