{"id":8378,"date":"2022-02-22T15:40:15","date_gmt":"2022-02-22T15:46:09","guid":{"rendered":"https:\/\/clartherm.com\/product\/modell-eco-24v\/"},"modified":"2023-04-20T13:40:31","modified_gmt":"2023-04-20T13:40:31","slug":"modell-eco-24v","status":"publish","type":"product","link":"https:\/\/clartherm.com\/de\/produkt\/modell-eco-24v\/","title":{"rendered":"MODELL ECO 24V"},"content":{"rendered":"","protected":false},"excerpt":{"rendered":"<p>Dieses Modell erg\u00e4nzt seit kurzem unsere Produktreihe. Hergestellt ausschlie\u00dflich f\u00fcr das Marktsegment der Spiegel neuester Generation, die mit Stromtransformatoren von 220V auf 24V ausgestattet sind. Im Falle dieses Modelles stellen wir nur 11 verschiedene Gr\u00f6ssen her. Auch in diesem Falle handelt es sich um ein vielschichtiges Antibeschlagsystem mit vier (4) isolierenden Schichten und einer selbstklebenden Schicht sowie einem einzigen Anschlusskabel 2&#215;1.<\/p>\n<p>Dieses Antibeschlagsystem ist f\u00fcr ein Stromnetz von 24V \/ 50 Hz konzipiert. Nach ca. 3 bis 5 Minuten nach dem Einschalten erreicht es seine Arbeitstemperatur von ca. 32\u00baC, d.h., es ist schnell und effizient.<\/p>\n<p>Au\u00dferdem gew\u00e4hren wir eine Garantie von 5 Jahren bei normalem Gebrauch. Dieses Modell ist nach Pr\u00fcfnorm EN-60335-1:2012+AC:2014+A11:2014+A13:2017+A1:2019+A2:2019 EN-62233:2008 IMQ TECNOCREA zertifiziert.<\/p>\n<p>Wir m\u00f6chten hierbei noch einmal daran erinnern, dass dieses Produkt nur mit einem 24V Transformator eingesetzt werden kann.<\/p>\n<p>[vc_row][vc_column][woodmart_button woodmart_css_id=\"644140ae95248\" title=\"Datenblatt\" link=\"url:https%3A%2F%2Fclartherm.com%2Fwp-content%2Fuploads%2F2023%2F04%2Fficha-tecnica-24v-IMQ-ALE.pdf|target:_blank\" full_width=\"no\" button_inline=\"no\" button_smooth_scroll=\"no\" wd_button_collapsible_content=\"no\" responsive_spacing=\"eyJwYXJhbV90eXBlIjoid29vZG1hcnRfcmVzcG9uc2l2ZV9zcGFjaW5nIiwic2VsZWN0b3JfaWQiOiI2NDQxNDBhZTk1MjQ4Iiwic2hvcnRjb2RlIjoid29vZG1hcnRfYnV0dG9uIiwiZGF0YSI6eyJ0YWJsZXQiOnt9LCJtb2JpbGUiOnt9fX0=\"][\/vc_column][\/vc_row]<\/p>\n","protected":false},"featured_media":7714,"template":"","meta":{"_monsterinsights_skip_tracking":false,"_monsterinsights_sitenote_active":false,"_monsterinsights_sitenote_note":"","_monsterinsights_sitenote_category":0},"product_brand":[],"product_cat":[89],"product_tag":[],"class_list":{"0":"post-8378","1":"product","2":"type-product","3":"status-publish","4":"has-post-thumbnail","6":"product_cat-productos-de","8":"first","9":"instock","10":"shipping-taxable","11":"product-type-simple"},"_links":{"self":[{"href":"https:\/\/clartherm.com\/de\/wp-json\/wp\/v2\/product\/8378","targetHints":{"allow":["GET"]}}],"collection":[{"href":"https:\/\/clartherm.com\/de\/wp-json\/wp\/v2\/product"}],"about":[{"href":"https:\/\/clartherm.com\/de\/wp-json\/wp\/v2\/types\/product"}],"wp:featuredmedia":[{"embeddable":true,"href":"https:\/\/clartherm.com\/de\/wp-json\/wp\/v2\/media\/7714"}],"wp:attachment":[{"href":"https:\/\/clartherm.com\/de\/wp-json\/wp\/v2\/media?parent=8378"}],"wp:term":[{"taxonomy":"product_brand","embeddable":true,"href":"https:\/\/clartherm.com\/de\/wp-json\/wp\/v2\/product_brand?post=8378"},{"taxonomy":"product_cat","embeddable":true,"href":"https:\/\/clartherm.com\/de\/wp-json\/wp\/v2\/product_cat?post=8378"},{"taxonomy":"product_tag","embeddable":true,"href":"https:\/\/clartherm.com\/de\/wp-json\/wp\/v2\/product_tag?post=8378"}],"curies":[{"name":"wp","href":"https:\/\/api.w.org\/{rel}","templated":true}]}}