{"id":7745,"date":"2020-11-17T15:06:30","date_gmt":"2020-11-17T15:06:30","guid":{"rendered":"https:\/\/clartherm.com\/product\/modelo-601\/"},"modified":"2023-04-20T13:14:48","modified_gmt":"2023-04-20T13:14:48","slug":"modell-601","status":"publish","type":"product","link":"https:\/\/clartherm.com\/de\/produkt\/modell-601\/","title":{"rendered":"MODELL 601"},"content":{"rendered":"","protected":false},"excerpt":{"rendered":"<p style=\"text-align: justify;\">Das Antibeschlagsystem 601 ist jenes erste Modell, das mit der Entstehung der Firma geboren wurde, und nach mehr als 30 Jahren wird es immer noch hergestellt. Es handelt sich dabei um ein vielschichtiges Antibeschlagsystem mit zwei (2) isolierenden Schichten und einer selbstklebenden Schicht sowie den entsprechenden beiden Anschlusskabeln.<\/p>\n<p style=\"text-align: justify;\">Dieses Antibeschlagsystem ist f\u00fcr ein Stromnetz von 220V \u2013 230V \/ 50 Hz konzipiert. Nach ca. 3 bis 5 Minuten nach dem Einschalten erreicht es seine Arbeitstemperatur von ca. 32\u00baC, d.h., es ist schnell und effizient.<\/p>\n<p style=\"text-align: justify;\">Au\u00dferdem gew\u00e4hren wir eine Garantie von 5 Jahren bei normalem Gebrauch. Die Gr\u00f6ssen dieses Modelles reichen von 300&#215;300 mm als kleinstes Ma\u00df bis zu 1010&#215;1360 mm als gr\u00f6sstes Ma\u00df einer einzigen Folie.<\/p>\n<p style=\"text-align: justify;\">Zudem kann dieses Modell in den verschiedensten Formen hergestellt werden (quadratisch, rund, dreieckig&#8230;)<\/p>\n<p>[vc_row][vc_column][woodmart_button woodmart_css_id=\"64413aab53375\" title=\"Datenblatt\" link=\"url:https%3A%2F%2Fclartherm.com%2Fwp-content%2Fuploads%2F2023%2F04%2Fficha-tecnica-220v-ALEMAN-601-correcta.pdf|target:_blank\" full_width=\"no\" button_inline=\"no\" button_smooth_scroll=\"no\" wd_button_collapsible_content=\"no\" responsive_spacing=\"eyJwYXJhbV90eXBlIjoid29vZG1hcnRfcmVzcG9uc2l2ZV9zcGFjaW5nIiwic2VsZWN0b3JfaWQiOiI2NDQxM2FhYjUzMzc1Iiwic2hvcnRjb2RlIjoid29vZG1hcnRfYnV0dG9uIiwiZGF0YSI6eyJ0YWJsZXQiOnt9LCJtb2JpbGUiOnt9fX0=\"][\/vc_column][\/vc_row]<\/p>\n","protected":false},"featured_media":7746,"template":"","meta":{"_monsterinsights_skip_tracking":false,"_monsterinsights_sitenote_active":false,"_monsterinsights_sitenote_note":"","_monsterinsights_sitenote_category":0},"product_brand":[],"product_cat":[89],"product_tag":[],"class_list":{"0":"post-7745","1":"product","2":"type-product","3":"status-publish","4":"has-post-thumbnail","6":"product_cat-productos-de","8":"first","9":"instock","10":"virtual","11":"product-type-simple"},"_links":{"self":[{"href":"https:\/\/clartherm.com\/de\/wp-json\/wp\/v2\/product\/7745","targetHints":{"allow":["GET"]}}],"collection":[{"href":"https:\/\/clartherm.com\/de\/wp-json\/wp\/v2\/product"}],"about":[{"href":"https:\/\/clartherm.com\/de\/wp-json\/wp\/v2\/types\/product"}],"wp:featuredmedia":[{"embeddable":true,"href":"https:\/\/clartherm.com\/de\/wp-json\/wp\/v2\/media\/7746"}],"wp:attachment":[{"href":"https:\/\/clartherm.com\/de\/wp-json\/wp\/v2\/media?parent=7745"}],"wp:term":[{"taxonomy":"product_brand","embeddable":true,"href":"https:\/\/clartherm.com\/de\/wp-json\/wp\/v2\/product_brand?post=7745"},{"taxonomy":"product_cat","embeddable":true,"href":"https:\/\/clartherm.com\/de\/wp-json\/wp\/v2\/product_cat?post=7745"},{"taxonomy":"product_tag","embeddable":true,"href":"https:\/\/clartherm.com\/de\/wp-json\/wp\/v2\/product_tag?post=7745"}],"curies":[{"name":"wp","href":"https:\/\/api.w.org\/{rel}","templated":true}]}}