{"id":7739,"date":"2020-11-17T15:18:49","date_gmt":"2020-11-17T15:18:49","guid":{"rendered":"https:\/\/clartherm.com\/product\/modelo-2012\/"},"modified":"2023-04-20T13:21:49","modified_gmt":"2023-04-20T13:21:49","slug":"modell-2012","status":"publish","type":"product","link":"https:\/\/clartherm.com\/de\/produkt\/modell-2012\/","title":{"rendered":"MODELL 2012"},"content":{"rendered":"","protected":false},"excerpt":{"rendered":"<p>Bei dem Modell 2012 handelt es sich um eine Weiterentwicklung des Modelles 601, um auf allen internationalen M\u00e4rkten vertrieben werden zu k\u00f6nnen, da es s\u00e4mtliche erforderlichen Richtlinien und Normen erf\u00fcllt. Es handelt sich dabei ebenfalls um ein vielschichtiges Antibeschlagsystem mit vier (4) isolierenden Schichten und einer selbstklebenden Schicht sowie einem einzigen Anschlusskabel 2&#215;1.<\/p>\n<p>Dieses Antibeschlagsystem ist f\u00fcr ein Stromnetz von 220V \u2013 230V \/ 50 Hz konzipiert. Nach ca. 3 bis 5 Minuten nach dem Einschalten erreicht es seine Arbeitstemperatur von ca. 32\u00baC, d.h., es ist schnell und effizient.<\/p>\n<p>Au\u00dferdem gew\u00e4hren wir eine Garantie von 10 Jahren bei normalem Gebrauch. Dieses Modell ist nach Pr\u00fcfnorm EN-60335-1:2012+AC:2014+A11:2014+A13:2017+A1:2019+A2:2019 EN-62233:2008 IMQ TECNOCREA zertifiziert.<\/p>\n<p>Zudem kann dieses Modell in den verschiedensten Formen hergestellt werden (quadratisch, rund, dreieckig&#8230;).<\/p>\n<p>[vc_row][vc_column][woodmart_button woodmart_css_id=\"64413c4687ffc\" title=\"Datenblatt\" link=\"url:https%3A%2F%2Fclartherm.com%2Fwp-content%2Fuploads%2F2023%2F04%2Fficha-tecnica-2012-IMQ-ALE.pdf|target:_blank\" full_width=\"no\" button_inline=\"no\" button_smooth_scroll=\"no\" wd_button_collapsible_content=\"no\" responsive_spacing=\"eyJwYXJhbV90eXBlIjoid29vZG1hcnRfcmVzcG9uc2l2ZV9zcGFjaW5nIiwic2VsZWN0b3JfaWQiOiI2NDQxM2M0Njg3ZmZjIiwic2hvcnRjb2RlIjoid29vZG1hcnRfYnV0dG9uIiwiZGF0YSI6eyJ0YWJsZXQiOnt9LCJtb2JpbGUiOnt9fX0=\"][\/vc_column][\/vc_row]<\/p>\n","protected":false},"featured_media":7740,"template":"","meta":{"_monsterinsights_skip_tracking":false,"_monsterinsights_sitenote_active":false,"_monsterinsights_sitenote_note":"","_monsterinsights_sitenote_category":0},"product_brand":[],"product_cat":[89],"product_tag":[],"class_list":{"0":"post-7739","1":"product","2":"type-product","3":"status-publish","4":"has-post-thumbnail","6":"product_cat-productos-de","8":"first","9":"instock","10":"virtual","11":"product-type-simple"},"_links":{"self":[{"href":"https:\/\/clartherm.com\/de\/wp-json\/wp\/v2\/product\/7739","targetHints":{"allow":["GET"]}}],"collection":[{"href":"https:\/\/clartherm.com\/de\/wp-json\/wp\/v2\/product"}],"about":[{"href":"https:\/\/clartherm.com\/de\/wp-json\/wp\/v2\/types\/product"}],"wp:featuredmedia":[{"embeddable":true,"href":"https:\/\/clartherm.com\/de\/wp-json\/wp\/v2\/media\/7740"}],"wp:attachment":[{"href":"https:\/\/clartherm.com\/de\/wp-json\/wp\/v2\/media?parent=7739"}],"wp:term":[{"taxonomy":"product_brand","embeddable":true,"href":"https:\/\/clartherm.com\/de\/wp-json\/wp\/v2\/product_brand?post=7739"},{"taxonomy":"product_cat","embeddable":true,"href":"https:\/\/clartherm.com\/de\/wp-json\/wp\/v2\/product_cat?post=7739"},{"taxonomy":"product_tag","embeddable":true,"href":"https:\/\/clartherm.com\/de\/wp-json\/wp\/v2\/product_tag?post=7739"}],"curies":[{"name":"wp","href":"https:\/\/api.w.org\/{rel}","templated":true}]}}