{"id":7596,"date":"2020-11-17T11:18:12","date_gmt":"2020-11-17T11:18:12","guid":{"rendered":"https:\/\/clartherm.com\/quienes-somos\/"},"modified":"2023-04-20T09:20:10","modified_gmt":"2023-04-20T09:20:10","slug":"ueber-uns","status":"publish","type":"page","link":"https:\/\/clartherm.com\/de\/ueber-uns\/","title":{"rendered":"\u00dcBER UNS"},"content":{"rendered":"<div class=\"wpb-content-wrapper\"><p>[vc_row full_width=&#8220;stretch_row_content_no_spaces&#8220; css=&#8220;.vc_custom_1509464121140{margin-top: -40px !important;}&#8220;][vc_column css=&#8220;.vc_custom_1509464067460{margin-top: -40px !important;padding-top: 0px !important;}&#8220;][rev_slider_vc alias=&#8220;inici-1&#8243;][\/vc_column][\/vc_row][vc_row full_width=&#8220;stretch_row&#8220; woodmart_disable_overflow=&#8220;1&#8243; css=&#8220;.vc_custom_1605605660387{padding-top: 2vh !important;padding-bottom: 2vh !important;background-color: #a2cdef !important;background-position: center !important;background-repeat: no-repeat !important;background-size: cover !important;}&#8220; mobile_bg_img_hidden=&#8220;no&#8220; tablet_bg_img_hidden=&#8220;no&#8220; woodmart_parallax=&#8220;0&#8243; woodmart_gradient_switch=&#8220;no&#8220; row_reverse_mobile=&#8220;0&#8243; row_reverse_tablet=&#8220;0&#8243;][vc_column woodmart_color_scheme=&#8220;light&#8220; css=&#8220;.vc_custom_1509546495973{padding-top: 0px !important;}&#8220;]\t\t\t<div id=\"wd-603e1a149076f\" class=\"wd-text-block-wrapper wd-wpb wd-rs-603e1a149076f color-scheme-light text-center wd-width-enabled vc_custom_1614682650323\" style=\"--wd-max-width: 50%;\">\n\t\t\t\t<div class=\"woodmart-title-container woodmart-text-block reset-last-child font-primary wd-font-weight-600 \">\n\t\t\t\t\t\u00dcBER UNS\t\t\t\t<\/div>\n\n\t\t\t\t\t\t\t<\/div>\n\t\t[\/vc_column][\/vc_row][vc_row][vc_column][vc_empty_space height=&#8220;20px&#8220; woodmart_hide_large=&#8220;0&#8243; woodmart_hide_medium=&#8220;0&#8243; woodmart_hide_small=&#8220;0&#8243; woodmart_hide_extra_small=&#8220;0&#8243;][\/vc_column][\/vc_row][vc_row][vc_column][vc_column_text css=&#8220;.vc_custom_1614682501062{margin-bottom: 20px !important;}&#8220; text_larger=&#8220;no&#8220;]<\/p>\n<p style=\"text-align: justify;\">Clartherm fertigt und vertreibt Antibeschlagysteme (Spiegelheizungen) f\u00fcr Badezimmerspiegel seit mehr als 30 Jahren. Mit Firmensitz im Zentrum Kataloniens, um genauer zu sein im St\u00e4dtchen Nav\u00e0s, befindet sich Clartherm in einer 1500m<sup>2<\/sup> grossen Einrichtung, in welcher das Produkt hergestellt wird und von wo aus es weltweit vertrieben wird.<\/p>\n<p>[\/vc_column_text][vc_column_text css=&#8220;.vc_custom_1614682516884{margin-bottom: 20px !important;}&#8220; text_larger=&#8220;no&#8220;]Ein professionelles Team einer kleinen grossen Firma.[\/vc_column_text][\/vc_column][\/vc_row][vc_row][vc_column][vc_empty_space height=&#8220;20px&#8220; woodmart_hide_large=&#8220;0&#8243; woodmart_hide_medium=&#8220;0&#8243; woodmart_hide_small=&#8220;0&#8243; woodmart_hide_extra_small=&#8220;0&#8243;][\/vc_column][\/vc_row][vc_row content_placement=&#8220;middle&#8220; css=&#8220;.vc_custom_1505555012006{margin-bottom: 5vh !important;}&#8220;][vc_column offset=&#8220;vc_col-md-6&#8243;]\t\t<div id=\"gallery_875\" class=\"wd-images-gallery wd-wpb wd-rs-644103c29faa3 photoswipe-images wd-carousel-container wd-wpb\" style=\"--wd-justify-content:center;--wd-align-items:center;\">\n\t\t\t\t\t\t\t<div class=\"wd-carousel-inner\">\n\t\t\t\n\t\t\t<div class=\" wd-carousel wd-grid\"data-speed=\"3000\" data-autoplay=\"yes\" data-scroll_per_page=\"yes\" style=\"--wd-col-lg:1;--wd-col-md:1;--wd-col-sm:1;--wd-gap-lg:0px;\">\n\t\t\t\t\t\t\t\t\t<div class=\"wd-carousel-wrap\">\n\t\t\t\t\n\t\t\t\t\t\t\t\t\t\t\t\t\t\t\t<div class=\"wd-gallery-item wd-carousel-item\">\n\t\t\t\t\t\t\t\t\t\t\t\t\t\t<a href=\"https:\/\/clartherm.com\/wp-content\/uploads\/2020\/12\/ISAAC-2-2.png\" data-elementor-open-lightbox=\"no\" data-index=\"1\" data-width=\"320\" data-height=\"427\" \n\t\t\t\t\t\t\t\t\t\t\t\t\t\t\t\t\t\t\t\t>\n\t\t\t\t\t\t\t\t\n\t\t\t\t\t\t\t\t<img loading=\"lazy\" decoding=\"async\" width=\"320\" height=\"427\" src=\"https:\/\/clartherm.com\/wp-content\/uploads\/2020\/12\/ISAAC-2-2.png\" class=\"wd-gallery-image image-1\" alt=\"\" srcset=\"https:\/\/clartherm.com\/wp-content\/uploads\/2020\/12\/ISAAC-2-2.png 320w, https:\/\/clartherm.com\/wp-content\/uploads\/2020\/12\/ISAAC-2-2-225x300.png 225w\" sizes=\"auto, (max-width: 320px) 100vw, 320px\" \/>\n\t\t\t\t\t\t\t\t\t\t\t\t\t\t\t<\/a>\n\t\t\t\t\t\t\t\t\t\t\t\t<\/div>\n\t\t\t\t\t\t\t\t\t\n\t\t\t\t\t\t\t\t\t<\/div>\n\t\t\t\t\t\t\t<\/div>\n\n\t\t\t\t\t\t\t\t\t\t\t\t\t\t<div class=\"wd-nav-arrows wd-pos-sep wd-hover-1 wd-icon-1\">\n\t\t\t<div class=\"wd-btn-arrow wd-prev wd-disabled\">\n\t\t\t\t<div class=\"wd-arrow-inner\"><\/div>\n\t\t\t<\/div>\n\t\t\t<div class=\"wd-btn-arrow wd-next\">\n\t\t\t\t<div class=\"wd-arrow-inner\"><\/div>\n\t\t\t<\/div>\n\t\t<\/div>\n\t\t\t\t\t\t\n\t\t\t\t<\/div>\n\n\t\t\t\t\t\t<div class=\"wd-nav-pagin-wrap text-center wd-style-shape wd-hide-md-sm wd-hide-sm\">\n\t\t\t<ul class=\"wd-nav-pagin\"><\/ul>\n\t\t<\/div>\n\t\t\t\t\t\t\t\t\t\t\t<\/div>\n\t\t[\/vc_column][vc_column woodmart_color_scheme=&#8220;dark&#8220; css=&#8220;.vc_custom_1505897347535{padding-top: 2vh !important;padding-bottom: 2vh !important;background-position: 0 0 !important;background-repeat: no-repeat !important;}&#8220; offset=&#8220;vc_col-md-6 vc_col-xs-12&#8243;][vc_column_text css=&#8220;.vc_custom_1614682539028{margin-bottom: 20px !important;}&#8220; text_larger=&#8220;no&#8220;]<\/p>\n<p style=\"text-align: justify;\">Unsere Firma liefert an Kunden in ganz Spanien sowie an Kunden weltweit, wie z.B. in den Vereinigten Arabischen Emiraten, Qatar, Saudi-Arabien, Lituanien, Indien, \u00d6sterreich, Polen, Portugal, Deutschland, Frankreich, Marokko, Brasilien, usw. Was die Herstellung von Antibeschlagsystemen f\u00fcr Badezimmerspiegel anbelangt, so sind wir in Spanien Pioniere.<\/p>\n<p>[\/vc_column_text][vc_column_text css=&#8220;.vc_custom_1614682558276{margin-bottom: 20px !important;}&#8220; text_larger=&#8220;no&#8220;]<\/p>\n<p style=\"text-align: justify;\">Das Produkt Clartherm ist innovativ und praktisch. Alle unsere Produkte untergehen vor Versand einer strikten Qualit\u00e4tskontrolle. Wir erf\u00fcllen alle geforderten Zertifizierungen, um unsere Produkte in aller Welt vertreiben zu k\u00f6nnen. T\u00dcV Rheinland zertifiziert sowohl unsere Modelle 2012 und 125 als auch den gesamten Herstellungsprozess, damit wir allen unseren Kunden ein Produkt h\u00f6chster Qualit\u00e4t anbieten k\u00f6nnen.<\/p>\n<p>[\/vc_column_text][vc_column_text css=&#8220;.vc_custom_1614682573796{margin-bottom: 20px !important;}&#8220; text_larger=&#8220;no&#8220;]<\/p>\n<p>[\/vc_column_text][\/vc_column][\/vc_row]<\/p>\n<\/div>","protected":false},"excerpt":{"rendered":"<p>[vc_row full_width=&#8220;stretch_row_content_no_spaces&#8220; css=&#8220;.vc_custom_1509464121140{margin-top: -40px !important;}&#8220;][vc_column css=&#8220;.vc_custom_1509464067460{margin-top: -40px !important;padding-top: 0px !important;}&#8220;][rev_slider_vc alias=&#8220;inici-1&#8243;][\/vc_column][\/vc_row][vc_row full_width=&#8220;stretch_row&#8220; woodmart_disable_overflow=&#8220;1&#8243; css=&#8220;.vc_custom_1605605660387{padding-top: 2vh !important;padding-bottom: 2vh !important;background-color: #a2cdef !important;background-position:<\/p>\n","protected":false},"author":36,"featured_media":0,"parent":0,"menu_order":0,"comment_status":"closed","ping_status":"closed","template":"","meta":{"_monsterinsights_skip_tracking":false,"_monsterinsights_sitenote_active":false,"_monsterinsights_sitenote_note":"","_monsterinsights_sitenote_category":0,"footnotes":""},"class_list":["post-7596","page","type-page","status-publish","hentry"],"_links":{"self":[{"href":"https:\/\/clartherm.com\/de\/wp-json\/wp\/v2\/pages\/7596","targetHints":{"allow":["GET"]}}],"collection":[{"href":"https:\/\/clartherm.com\/de\/wp-json\/wp\/v2\/pages"}],"about":[{"href":"https:\/\/clartherm.com\/de\/wp-json\/wp\/v2\/types\/page"}],"author":[{"embeddable":true,"href":"https:\/\/clartherm.com\/de\/wp-json\/wp\/v2\/users\/36"}],"replies":[{"embeddable":true,"href":"https:\/\/clartherm.com\/de\/wp-json\/wp\/v2\/comments?post=7596"}],"version-history":[{"count":4,"href":"https:\/\/clartherm.com\/de\/wp-json\/wp\/v2\/pages\/7596\/revisions"}],"predecessor-version":[{"id":8746,"href":"https:\/\/clartherm.com\/de\/wp-json\/wp\/v2\/pages\/7596\/revisions\/8746"}],"wp:attachment":[{"href":"https:\/\/clartherm.com\/de\/wp-json\/wp\/v2\/media?parent=7596"}],"curies":[{"name":"wp","href":"https:\/\/api.w.org\/{rel}","templated":true}]}}