{"id":7588,"date":"2020-11-17T11:25:58","date_gmt":"2020-11-17T11:25:58","guid":{"rendered":"https:\/\/clartherm.com\/productos\/"},"modified":"2023-04-20T09:38:32","modified_gmt":"2023-04-20T09:38:32","slug":"produkte","status":"publish","type":"page","link":"https:\/\/clartherm.com\/de\/produkte\/","title":{"rendered":"PRODUKTE"},"content":{"rendered":"<div class=\"wpb-content-wrapper\"><p>[vc_row full_width=&#8220;stretch_row_content_no_spaces&#8220; css=&#8220;.vc_custom_1509464121140{margin-top: -40px !important;}&#8220;][vc_column css=&#8220;.vc_custom_1509464067460{margin-top: -40px !important;padding-top: 0px !important;}&#8220;][rev_slider_vc alias=&#8220;quienes-somos-1&#8243;][\/vc_column][\/vc_row][vc_row full_width=&#8220;stretch_row&#8220; woodmart_disable_overflow=&#8220;1&#8243; css=&#8220;.vc_custom_1605605660387{padding-top: 2vh !important;padding-bottom: 2vh !important;background-color: #a2cdef !important;background-position: center !important;background-repeat: no-repeat !important;background-size: cover !important;}&#8220; mobile_bg_img_hidden=&#8220;no&#8220; tablet_bg_img_hidden=&#8220;no&#8220; woodmart_parallax=&#8220;0&#8243; woodmart_gradient_switch=&#8220;no&#8220; row_reverse_mobile=&#8220;0&#8243; row_reverse_tablet=&#8220;0&#8243;][vc_column woodmart_color_scheme=&#8220;light&#8220; css=&#8220;.vc_custom_1509546495973{padding-top: 0px !important;}&#8220;]\t\t\t<div id=\"wd-603e1e4f840a5\" class=\"wd-text-block-wrapper wd-wpb wd-rs-603e1e4f840a5 color-scheme-light text-center wd-width-enabled vc_custom_1614683734500\" style=\"--wd-max-width: 50%;\">\n\t\t\t\t<div class=\"woodmart-title-container woodmart-text-block reset-last-child font-primary wd-font-weight-600 \">\n\t\t\t\t\tPRODUKTE\t\t\t\t<\/div>\n\n\t\t\t\t\t\t\t<\/div>\n\t\t[\/vc_column][\/vc_row][vc_row][vc_column][vc_empty_space height=&#8220;20px&#8220; woodmart_hide_large=&#8220;0&#8243; woodmart_hide_medium=&#8220;0&#8243; woodmart_hide_small=&#8220;0&#8243; woodmart_hide_extra_small=&#8220;0&#8243;][\/vc_column][\/vc_row][vc_row][vc_column][vc_column_text css=&#8220;.vc_custom_1614683229924{margin-bottom: 20px !important;}&#8220; text_larger=&#8220;no&#8220;]<\/p>\n<p style=\"text-align: justify;\">Das Clartherm Antibeschlagsystem ist ein elektrischer mehrschichtiger Widerstand, der Hitze auf die R\u00fcckseite des Spiegels ausstrahlt, um zu verhindern, dass sich der Spiegel beschl\u00e4gt.<\/p>\n<p style=\"text-align: justify;\">Das Antibeschlagsystem besteht aus mehreren vollst\u00e4ndig isolierenden Schichten, d.h., nach Anschluss an das Stromnetz kann niemand einen Stromschlag bekommen, falls er die Folie mit den H\u00e4nden ber\u00fchrt.<\/p>\n<p style=\"text-align: justify;\">Je nach Modell besteht das System aus 2 bis 4 Schichten, und eine dieser Schichten ist gleichzeitig selbstklebend, so dass die Folie leicht und bequem auf der R\u00fcckseite des Spiegels angebracht werden kann.<\/p>\n<p style=\"text-align: justify;\">Das Antibeschlagsystem verf\u00fcgt ebenfalls \u00fcber die Anschlusskabel, welche dazu dienen, die Folie mit dem Stromnetz zu verbinden.<\/p>\n<p style=\"text-align: justify;\">Clartherm Antibeschlagsysteme werden in jeglicher Gr\u00f6sse und Form hergestellt. Die gr\u00f6sste Einzelfolie hat das Ma\u00df 1010 x 1360 mm.<\/p>\n<p style=\"text-align: justify;\">Im Falle von sehr grossen Spiegeln kann man zwei oder mehr Antibeschlagsysteme auf dem Spiegel aufbringen und diese Folien miteinander verbinden.<\/p>\n<p>[\/vc_column_text][\/vc_column][\/vc_row][vc_row][vc_column][vc_empty_space height=&#8220;20px&#8220; woodmart_hide_large=&#8220;0&#8243; woodmart_hide_medium=&#8220;0&#8243; woodmart_hide_small=&#8220;0&#8243; woodmart_hide_extra_small=&#8220;0&#8243;][\/vc_column][\/vc_row][vc_row][vc_column]\t\t\t<div id=\"wd-603e1e6a5f570\" class=\"wd-text-block-wrapper wd-wpb wd-rs-603e1e6a5f570 color-scheme-light text-left wd-width-enabled vc_custom_1614683765220\" style=\"--wd-max-width: 90%;\">\n\t\t\t\t<div class=\"woodmart-title-container woodmart-text-block reset-last-child font-primary wd-font-weight-600 \">\n\t\t\t\t\t<span style=\"color: #28a4e3;\">UNSERE ANTIBESCHLAGSYSTEME K\u00d6NNEN AUF FOLGENDEN SPIEGELN AUFGEBRACHT WERDEN:<\/span>\t\t\t\t<\/div>\n\n\t\t\t\t\t\t\t<\/div>\n\t\t[vc_column_text css=&#8220;.vc_custom_1614683903363{margin-bottom: 20px !important;}&#8220; text_larger=&#8220;no&#8220;]<\/p>\n<p style=\"text-align: justify;\"><span style=\"color: #28a4e3;\"><strong>SILIKONSPIEGEL:<\/strong> <\/span>Die St\u00e4rke des Antibeschlagsystems verhindert nicht, den Spiegel direkt an die Wand kleben zu k\u00f6nnen.<\/p>\n<p style=\"text-align: justify;\"><span style=\"color: #28a4e3;\"><strong>SPIEGEL MIT SPIEGELAUFH\u00c4NGER:<\/strong> <\/span>Wir k\u00f6nnen unsere Antibeschlagsysteme an alle auf dem Markt vorhandenen Spiegelaufh\u00e4nger anpassen. Wir k\u00f6nnen sogar Folien mit Ausschnitten fertigen und damit trotz Spiegelaufh\u00e4nger den gesamten Spiegel mit einer Folie abdecken.<\/p>\n<p style=\"text-align: justify;\"><span style=\"color: #28a4e3;\"><strong>SPIEGEL MIT HOLZBELEGUNG:<\/strong><\/span> Die geringe Arbeitstemperatur und St\u00e4rke der Folie bedeutet kein Problem f\u00fcr jene Spiegel, die auf der R\u00fcckseite mit Holz belegt sind.<\/p>\n<p style=\"text-align: justify;\"><span style=\"color: #000000;\"><strong>Wichtige Bemerkung:<\/strong><\/span> In allen diesen F\u00e4llen ist es absolut notwendig, \u00fcber einen Stromanschlu\u00df zu verf\u00fcgen (220v. &#8211; 110v. &#8211; 24v.), der \u00fcber einen Stromnetzschalter (Lichtschalter) ein- und ausgeschaltet werden kann.<\/p>\n<p style=\"text-align: justify;\">Clartherm verbietet kategorisch einen Stromanschlu\u00df des Antibeschlagsystems an Gleichstrom (Steckdosen).<\/p>\n<p>[\/vc_column_text][\/vc_column][\/vc_row][vc_row][vc_column][vc_empty_space height=&#8220;20px&#8220; woodmart_hide_large=&#8220;0&#8243; woodmart_hide_medium=&#8220;0&#8243; woodmart_hide_small=&#8220;0&#8243; woodmart_hide_extra_small=&#8220;0&#8243;][\/vc_column][\/vc_row][vc_row][vc_column]\t\t\t<div id=\"wd-603e1f08be901\" class=\"wd-text-block-wrapper wd-wpb wd-rs-603e1f08be901 color-scheme-light text-left wd-width-enabled vc_custom_1614683921780\" style=\"--wd-max-width: 50%;\">\n\t\t\t\t<div class=\"woodmart-title-container woodmart-text-block reset-last-child font-primary wd-font-weight-600 \">\n\t\t\t\t\t<span style=\"color: #28a4e3;\">VORTEILE<\/span>\t\t\t\t<\/div>\n\n\t\t\t\t\t\t\t<\/div>\n\t\t[vc_column_text css=&#8220;.vc_custom_1614683956393{margin-bottom: 20px !important;}&#8220; text_larger=&#8220;no&#8220;]<\/p>\n<p style=\"text-align: justify;\">Die Tugenden unseres Produktes bestehen nat\u00fcrlich in erster Linie darin, den Badezimmerspiegel trocken zu halten und Dampfbeschlag zu verhindern, um jederzeit eine klare Sicht zu haben, ohne Notwendigkeit Haartrockner, H\u00e4nde, Handt\u00fccher, usw. f\u00fcr einen klaren Spiegel benutzen zu m\u00fcssen.<\/p>\n<p style=\"text-align: justify;\">Andererseits tragen wir durch die Verhinderung von Feuchtigkeit auf dem Spiegel zu einer Verl\u00e4ngerung dessen Lebensdauer bei und verhindern kurzfristig die Korrosion deselben.<\/p>\n<p style=\"text-align: justify;\">Letztendlich verst\u00e4rken wir auch den Sicherheitsaspekt des Spiegels, da die selbstklebende Folie als Auff\u00e4nger agiert, d.h., sollte der Spiegel brechen, werden die Scherben von der Folie festgehalten und fallen nicht herunter.<\/p>\n<p>[\/vc_column_text][\/vc_column][\/vc_row][vc_row][vc_column][vc_empty_space height=&#8220;20px&#8220; woodmart_hide_large=&#8220;0&#8243; woodmart_hide_medium=&#8220;0&#8243; woodmart_hide_small=&#8220;0&#8243; woodmart_hide_extra_small=&#8220;0&#8243;][\/vc_column][\/vc_row][vc_row][vc_column]\t\t\t<div id=\"wd-603e1f3eb3f8a\" class=\"wd-text-block-wrapper wd-wpb wd-rs-603e1f3eb3f8a color-scheme-light text-left wd-width-enabled vc_custom_1614683980233\" style=\"--wd-max-width: 50%;\">\n\t\t\t\t<div class=\"woodmart-title-container woodmart-text-block reset-last-child font-primary wd-font-weight-600 \">\n\t\t\t\t\t<span style=\"color: #28a4e3;\">WIE ES FUNKTIONIERT<\/span>\t\t\t\t<\/div>\n\n\t\t\t\t\t\t\t<\/div>\n\t\t[vc_column_text css=&#8220;.vc_custom_1614683996920{margin-bottom: 20px !important;}&#8220; text_larger=&#8220;no&#8220;]<\/p>\n<p style=\"text-align: justify;\">Nach Anschluss des Antibeschlagsystems an das Stromnetz und mittels des dazu verantwortlichen Stromnetzschalters, schalten wir das Antibeschlagsystem ein oder aus. Nach einigen Minuten erreicht das System seine h\u00f6chste Leistung, ca. 32\u00baC, gen\u00fcgend, um die Ansammlung von Dampf auf dem Spiegel zu verhindern. Die Oberfl\u00e4che, die unser Antibeschlagsystem dampfrei h\u00e4lt, betr\u00e4gt ca. 5 cm mehr als die wirkliche Gr\u00f6sse der Folie (z.B., eine Folie 100 x 100 h\u00e4lt eine Oberfl\u00e4che von 110 x 110 dampffrei).\/p&gt;[\/vc_column_text][\/vc_column][\/vc_row][vc_row][vc_column][vc_empty_space height=&#8220;20px&#8220; woodmart_hide_large=&#8220;0&#8243; woodmart_hide_medium=&#8220;0&#8243; woodmart_hide_small=&#8220;0&#8243; woodmart_hide_extra_small=&#8220;0&#8243;][\/vc_column][\/vc_row][vc_row][vc_column]\t\t\t<div id=\"wd-603e1f6016d3b\" class=\"wd-text-block-wrapper wd-wpb wd-rs-603e1f6016d3b color-scheme-light text-left wd-width-enabled vc_custom_1614684010369\" style=\"--wd-max-width: 50%;\">\n\t\t\t\t<div class=\"woodmart-title-container woodmart-text-block reset-last-child font-primary wd-font-weight-600 \">\n\t\t\t\t\t<span style=\"color: #28a4e3;\">INSTALLATION<\/span>\t\t\t\t<\/div>\n\n\t\t\t\t\t\t\t<\/div>\n\t\t[vc_column_text css=&#8220;.vc_custom_1614684092149{margin-bottom: 20px !important;}&#8220; text_larger=&#8220;no&#8220;]<\/p>\n<p style=\"text-align: justify;\">Die Installation unseres Produktes ist leicht und schnell.<\/p>\n<p style=\"text-align: justify;\">Unsere Antibeschlagsysteme k\u00f6nnen auf jeglicher Art von Badezimmerspiegeln installiert werden, vorausgesetzt es gibt Zugang zur R\u00fcckseite des Spiegels, da die Folie dort aufgebracht werden mu\u00df. Au\u00dferdem k\u00f6nnen wir zwei oder mehr Folien auf einem einzigen gro\u00dfen Spiegel aufbringen.<\/p>\n<p style=\"text-align: justify;\">Es ist angebracht, mit einem Testger\u00e4t die Stromst\u00e4rke der Stromnetzes zu pr\u00fcfen (230V \u2013 125V \u2013 24V). Nach Pr\u00fcfung und bei ausgeschaltetem Stromnetzschalter, verbinden wir das blaue Kabel des Antibeschlagsystems mit einem Kabel des Stromnetzes und danach das braune Kabel des Antibeschlagsystems mit dem anderen Kabel des Stromnetzes.<\/p>\n<p style=\"text-align: justify;\">Nie das Massekabel (gelb und gr\u00fcn) anschlie\u00dfen! Sobald diese beiden o.g. Kabel angeschlossen sind, ist das Antibeschlagsystem gebrauchsbereit.<\/p>\n<p style=\"text-align: justify;\">Im Falle von Silikonspiegeln ist es angebracht, den Betrieb des Antibeschlagsystems vor Ankleben des Spiegels an die Wand zu pr\u00fcfen.<\/p>\n<p>[\/vc_column_text][\/vc_column][\/vc_row][vc_row][vc_column][vc_empty_space height=&#8220;20px&#8220; woodmart_hide_large=&#8220;0&#8243; woodmart_hide_medium=&#8220;0&#8243; woodmart_hide_small=&#8220;0&#8243; woodmart_hide_extra_small=&#8220;0&#8243;][vc_row_inner][vc_column_inner width=&#8220;1\/3&#8243;]<div id=\"wd-644107fc1675b\" class=\" wd-rs-644107fc1675b  wd-button-wrapper text-center\"><a href=\"https:\/\/clartherm.com\/wp-content\/uploads\/2023\/04\/catalogo-2022-clartherm-ingles_compressed.pdf\" title=\"\" target=\"_blank\" style=\"--btn-color:#fff;--btn-color-hover:#fff;\" class=\"btn btn-style-default btn-shape-rectangle btn-size-default\">SIEHE CATALOGUE<\/a><\/div>[\/vc_column_inner][vc_column_inner width=&#8220;1\/3&#8243;]<div id=\"wd-643fcc0217ab8\" class=\" wd-rs-643fcc0217ab8  wd-button-wrapper text-center\"><a href=\"https:\/\/clartherm.com\/wp-content\/uploads\/2023\/04\/CERT.-IMQ-2022-1_pages-to-jpg-0001.jpg\" title=\"\" target=\"_blank\" style=\"--btn-color:#fff;--btn-color-hover:#fff;\" class=\"btn btn-style-default btn-shape-rectangle btn-size-default\">ZERTIFIKAT<\/a><\/div>[\/vc_column_inner][vc_column_inner width=&#8220;1\/3&#8243;]<div id=\"wd-604258340e37d\" class=\" wd-rs-604258340e37d  wd-button-wrapper text-center\"><a href=\"https:\/\/clartherm.com\/wp-content\/uploads\/2020\/12\/Hoja-instalacion-espanol.pdf\" title=\"\" target=\"_blank\" style=\"--btn-color:#fff;--btn-color-hover:#fff;\" class=\"btn btn-style-default btn-shape-rectangle btn-size-default\">INSTALLATIONSANWEISUNGEN<\/a><\/div>[\/vc_column_inner][\/vc_row_inner][\/vc_column][\/vc_row][vc_row][vc_column][vc_empty_space height=&#8220;80px&#8220; woodmart_hide_large=&#8220;0&#8243; woodmart_hide_medium=&#8220;0&#8243; woodmart_hide_small=&#8220;0&#8243; woodmart_hide_extra_small=&#8220;0&#8243;][\/vc_column][\/vc_row][vc_row][vc_column]\t\t\t<div id=\"wd-5fc5200d72546\" class=\"wd-text-block-wrapper wd-wpb wd-rs-5fc5200d72546 color-scheme-light text-left wd-width-enabled vc_custom_1606754325228\" style=\"--wd-max-width: 50%;\">\n\t\t\t\t<div class=\"woodmart-title-container woodmart-text-block reset-last-child font-primary wd-font-weight-600 \">\n\t\t\t\t\t<span style=\"color: #28a4e3;\">VIDEOS<\/span>\t\t\t\t<\/div>\n\n\t\t\t\t\t\t\t<\/div>\n\t\t[\/vc_column][\/vc_row][vc_row][vc_column width=&#8220;1\/3&#8243;][vc_video link=&#8220;https:\/\/www.youtube.com\/watch?v=EcjCJUZr7dA&#8220; image_poster_switch=&#8220;no&#8220;][\/vc_column][vc_column width=&#8220;1\/3&#8243;][vc_video link=&#8220;https:\/\/www.youtube.com\/watch?v=892S5JECZQQ&#8220; image_poster_switch=&#8220;no&#8220;][\/vc_column][vc_column width=&#8220;1\/3&#8243;][vc_video link=&#8220;https:\/\/www.youtube.com\/watch?v=RT-E8y08Yd0&#8243; image_poster_switch=&#8220;no&#8220;][\/vc_column][\/vc_row]<\/p>\n<\/div>","protected":false},"excerpt":{"rendered":"<p>[vc_row full_width=&#8220;stretch_row_content_no_spaces&#8220; css=&#8220;.vc_custom_1509464121140{margin-top: -40px !important;}&#8220;][vc_column css=&#8220;.vc_custom_1509464067460{margin-top: -40px !important;padding-top: 0px !important;}&#8220;][rev_slider_vc alias=&#8220;quienes-somos-1&#8243;][\/vc_column][\/vc_row][vc_row full_width=&#8220;stretch_row&#8220; woodmart_disable_overflow=&#8220;1&#8243; css=&#8220;.vc_custom_1605605660387{padding-top: 2vh !important;padding-bottom: 2vh !important;background-color: #a2cdef !important;background-position:<\/p>\n","protected":false},"author":36,"featured_media":0,"parent":0,"menu_order":0,"comment_status":"closed","ping_status":"closed","template":"","meta":{"_monsterinsights_skip_tracking":false,"_monsterinsights_sitenote_active":false,"_monsterinsights_sitenote_note":"","_monsterinsights_sitenote_category":0,"footnotes":""},"class_list":["post-7588","page","type-page","status-publish","hentry"],"_links":{"self":[{"href":"https:\/\/clartherm.com\/de\/wp-json\/wp\/v2\/pages\/7588","targetHints":{"allow":["GET"]}}],"collection":[{"href":"https:\/\/clartherm.com\/de\/wp-json\/wp\/v2\/pages"}],"about":[{"href":"https:\/\/clartherm.com\/de\/wp-json\/wp\/v2\/types\/page"}],"author":[{"embeddable":true,"href":"https:\/\/clartherm.com\/de\/wp-json\/wp\/v2\/users\/36"}],"replies":[{"embeddable":true,"href":"https:\/\/clartherm.com\/de\/wp-json\/wp\/v2\/comments?post=7588"}],"version-history":[{"count":6,"href":"https:\/\/clartherm.com\/de\/wp-json\/wp\/v2\/pages\/7588\/revisions"}],"predecessor-version":[{"id":8781,"href":"https:\/\/clartherm.com\/de\/wp-json\/wp\/v2\/pages\/7588\/revisions\/8781"}],"wp:attachment":[{"href":"https:\/\/clartherm.com\/de\/wp-json\/wp\/v2\/media?parent=7588"}],"curies":[{"name":"wp","href":"https:\/\/api.w.org\/{rel}","templated":true}]}}