{"id":7541,"date":"2020-12-14T14:33:03","date_gmt":"2020-12-14T14:33:03","guid":{"rendered":"https:\/\/clartherm.com\/politica-de-cookies\/"},"modified":"2021-02-24T09:36:57","modified_gmt":"2021-02-24T09:36:57","slug":"politica-de-cookies","status":"publish","type":"page","link":"https:\/\/clartherm.com\/de\/politica-de-cookies\/","title":{"rendered":"Pol\u00edtica de cookies"},"content":{"rendered":"<div class=\"wpb-content-wrapper\"><p>[vc_row][vc_column][vc_column_text text_larger=&#8220;no&#8220;]<\/p>\r\n<h1 class=\"title wp-block-heading\">POL\u00cdTICA DE COOKIES<\/h1>\r\n<div id=\"cookies_left\">\r\n<p class=\"question\">1. \u00bfQu\u00e9 es una cookie?<\/p>\r\n<p class=\"answer\">Una\u00a0<strong>cookie<\/strong>\u00a0es un fichero que se descarga en su ordenador al acceder a determinadas pa\u0301ginas web. Las cookies permiten a una pa\u0301gina web, entre otras cosas, almacenar y recuperar informacio\u0301n sobre los ha\u0301bitos de navegacio\u0301n de un usuario o de su equipo y, dependiendo de la informacio\u0301n que contengan y de la forma en que utilice su equipo, pueden utilizarse para reconocer al usuario.<\/p>\r\n<p class=\"question\">2. \u00bfQue\u0301 tipos de cookies utiliza esta pa\u0301gina web?<\/p>\r\n<p class=\"answer\">Esta web utiliza cookies pr\u00f3pias de uso interno para el funcionamiento de la web.<\/p>\r\n<p class=\"question\">3. Garant\u00edas y opciones sobre las Cookies<\/p>\r\n<p class=\"answer\">En todo momento, y al menos, durante la instalaci\u00f3n o puesta al d\u00eda del navegador, el usuario tiene la posibilidad de aceptar o rechazar la instalaci\u00f3n de cookies, o bien rechazar la instalaci\u00f3n de un determinado tipo de cookies.<\/p>\r\n<p class=\"answer\">Adem\u00e1s, despu\u00e9s de cada sesi\u00f3n puede eliminar todas o algunas de las cookies almacenadas. Asimismo el usuario puede activar:<\/p>\r\n<ul>\r\n<li><strong>La navegaci\u00f3n privada<\/strong>, mediante la cual su navegador deja de guardar el historial de navegaci\u00f3n, contrase\u00f1as de sitios web, cookies y otra informaci\u00f3n de las p\u00e1ginas que visita.<\/li>\r\n<li><strong>La funci\u00f3n de no rastrear<\/strong>, por la que el navegador pide a los sitios web que visita que no rastreen sus h\u00e1bitos de navegaci\u00f3n, para por ejemplo, servirle publicidad de su inter\u00e9s en los sitios que visita.<\/li>\r\n<\/ul>\r\n<\/div>\r\n<div id=\"cookies_right\">\r\n<p class=\"question\">Listado de navegadores:<\/p>\r\n<ul>\r\n<li><strong>Para ma\u0301s informacio\u0301n sobre Internet Explorer:<\/strong><br \/>http:\/\/windows.microsoft.com\/es-ES\/windows-vista\/Block-or-allow-cookies<\/li>\r\n<li><strong>Para ma\u0301s informacio\u0301n sobre Firefox Mozilla:<\/strong><br \/>http:\/\/support.mozilla.org\/es\/kb\/habilitar-y-deshabilitar-cookies-que-los-sitios-we<\/li>\r\n<li><strong>Para ma\u0301s informacio\u0301n sobre Safari:<\/strong><br \/>http:\/\/support.apple.com\/kb\/HT1677?viewlocale=es_ES<\/li>\r\n<li><strong>Para ma\u0301s informacio\u0301n sobre Google Chrome:<\/strong><br \/>https:\/\/support.google.com\/chrome\/answer\/95647?hl=es<\/li>\r\n<\/ul>\r\n<p class=\"answer\">Tenga en cuenta que el bloqueo de cookies puede afectar a todas o algunas de las funcionalidades de nuestra web<\/p>\r\n<\/div>\r\n<p>[\/vc_column_text][\/vc_column][\/vc_row]<\/p>\r\n<\/div>","protected":false},"excerpt":{"rendered":"<p>[vc_row][vc_column][vc_column_text text_larger=&#8220;no&#8220;] POL\u00cdTICA DE COOKIES 1. \u00bfQu\u00e9 es una cookie? Una\u00a0cookie\u00a0es un fichero que se descarga en su ordenador al<\/p>\n","protected":false},"author":36,"featured_media":0,"parent":0,"menu_order":0,"comment_status":"closed","ping_status":"open","template":"","meta":{"_monsterinsights_skip_tracking":false,"_monsterinsights_sitenote_active":false,"_monsterinsights_sitenote_note":"","_monsterinsights_sitenote_category":0,"footnotes":""},"class_list":["post-7541","page","type-page","status-publish","hentry"],"_links":{"self":[{"href":"https:\/\/clartherm.com\/de\/wp-json\/wp\/v2\/pages\/7541","targetHints":{"allow":["GET"]}}],"collection":[{"href":"https:\/\/clartherm.com\/de\/wp-json\/wp\/v2\/pages"}],"about":[{"href":"https:\/\/clartherm.com\/de\/wp-json\/wp\/v2\/types\/page"}],"author":[{"embeddable":true,"href":"https:\/\/clartherm.com\/de\/wp-json\/wp\/v2\/users\/36"}],"replies":[{"embeddable":true,"href":"https:\/\/clartherm.com\/de\/wp-json\/wp\/v2\/comments?post=7541"}],"version-history":[{"count":1,"href":"https:\/\/clartherm.com\/de\/wp-json\/wp\/v2\/pages\/7541\/revisions"}],"predecessor-version":[{"id":7547,"href":"https:\/\/clartherm.com\/de\/wp-json\/wp\/v2\/pages\/7541\/revisions\/7547"}],"wp:attachment":[{"href":"https:\/\/clartherm.com\/de\/wp-json\/wp\/v2\/media?parent=7541"}],"curies":[{"name":"wp","href":"https:\/\/api.w.org\/{rel}","templated":true}]}}