{"id":7538,"date":"2020-12-14T16:57:34","date_gmt":"2020-12-14T16:57:34","guid":{"rendered":"https:\/\/clartherm.com\/politica-de-privacitat\/"},"modified":"2021-02-24T09:36:55","modified_gmt":"2021-02-24T09:36:55","slug":"politica-de-privacitat","status":"publish","type":"page","link":"https:\/\/clartherm.com\/de\/politica-de-privacitat\/","title":{"rendered":"Pol\u00edtica de privacitat"},"content":{"rendered":"<div class=\"wpb-content-wrapper\"><p>[vc_row][vc_column][vc_column_text text_larger=&#8220;no&#8220;]<\/p>\r\n<p><strong>Informaci\u00f3 sobre Protecci\u00f3 de Dades<\/strong><\/p>\r\n<p>Dades relatives al Responsable<\/p>\r\n<p>Tractament responsable<\/p>\r\n<p>Empresa: Exporthink Bages S.L. &#8211; B- 65024929\u00a0<\/p>\r\n<p>Direcci\u00f3: P.I C\/FONT DE LA VENTAIOLA, PARC 1 NAU 3 &#8211; 08670 NAV\u00c0S<\/p>\r\n<p>Contacte: isaac@clartherm.com &#8211; 938204936<\/p>\r\n<p>&nbsp;<\/p>\r\n<p>Delegat de Protecci\u00f3 de Dades<\/p>\r\n<p>Nombre: Isaac Besora<\/p>\r\n<p>Contacte: 938204936<\/p>\r\n<p>&nbsp;<\/p>\r\n<p><strong>Finalitats<\/strong><\/p>\r\n<p>En compliment del disposat en el Reglament Europeo 2016\/679 General de Protecci\u00f3 de Dades, li informem que, depenent de la relaci\u00f3 que tingui amb nosaltres, a Exporthink Bages S.L.\u00a0 tractem les dades que ens facilita per a alguna, o totes, les seg\u00fcents finalitats:<\/p>\r\n<p>&nbsp;<\/p>\r\n<p>Arxiu \/ historial de treballadors i treballadors de l&#8217;empresa<\/p>\r\n<p>Compra \/ venda d&#8217;articles i serveis.<\/p>\r\n<p>Control i supervisi\u00f3 de l&#8217;efici\u00e8ncia i qualitat de l&#8217;entitat<\/p>\r\n<p>Control i vigil\u00e0ncia d&#8217;acc\u00e9s a llocs<\/p>\r\n<p>Coordinaci\u00f3 d&#8217;activitats empresarials<\/p>\r\n<p>Creaci\u00f3 de contractes, confecci\u00f3 de n\u00f2mines i altres tasques relacionades<\/p>\r\n<p>Enviament d&#8217;informaci\u00f3 comercial de l&#8217;entitat mitjan\u00e7ant correu postal, correu electr\u00f2nic o altres<\/p>\r\n<p>Formaci\u00f3<\/p>\r\n<p>Gesti\u00f3 comptable, administrativa, de facturaci\u00f3, de cobraments i pagaments<\/p>\r\n<p>Manteniment de la relaci\u00f3 laboral i contra-prestaci\u00f3 pels treballs realitzats<\/p>\r\n<p>Donar-li un servei<\/p>\r\n<p>Publicaci\u00f3 en dades de car\u00e0cter personal en les diferents xarxes socials o altres m\u00e8todes de publicaci\u00f3<\/p>\r\n<p>Realitzaci\u00f3 de cobrament mitjan\u00e7ant TPV<\/p>\r\n<p>Realitzaci\u00f3 d&#8217;un curs \/ formaci\u00f3 a trav\u00e9s de la p\u00e0gina web \/ plataforma.<\/p>\r\n<p>Recepci\u00f3 de la prestaci\u00f3 d&#8217;un servei<\/p>\r\n<p>Registre des cursos \/ formacions realitzades<\/p>\r\n<p>Seguretat de l&#8217;entitat.<\/p>\r\n<p>Servei postvenda i fidelitzaci\u00f3<\/p>\r\n<p>Tramitaci\u00f3 d&#8217;altes i baixes per malaltia o accident laboral<\/p>\r\n<p>Tramitaci\u00f3 de pressupostos<\/p>\r\n<p>Tractament de dades per a cursos i formacions<\/p>\r\n<p>Utilitzaci\u00f3 de dades derivades de les activitats de l&#8217;empresa<\/p>\r\n<p>&nbsp;<\/p>\r\n<p><strong>Termini de conservaci\u00f3 de la informaci\u00f3<\/strong><\/p>\r\n<p>Les seves dades seran conservades durant la durada de la relaci\u00f3 contractual, comercial o d&#8217;un altre tipus amb la nostra entitat, sol\u00b7licitar el seu supressi\u00f3, aix\u00ed com el temps necessari per complir les obligacions legals.<\/p>\r\n<p>&nbsp;<\/p>\r\n<p><strong>Legitimaci\u00f3<\/strong><\/p>\r\n<p>La base legal per al tractament de les seves dades radica per:<\/p>\r\n<p>Consentiment inequ\u00edvoc<\/p>\r\n<p>Execuci\u00f3 d&#8217;un contracte<\/p>\r\n<p>Inter\u00e8s leg\u00edtim per part del responsable del tractament<\/p>\r\n<p>Protegir l&#8217;inter\u00e8s vital d&#8217;un afectat<\/p>\r\n<p>&nbsp;<\/p>\r\n<p><strong>Destinataris<\/strong><\/p>\r\n<p>Les seves dades personals seran comunicades a tercers en els seg\u00fcents sup\u00f2sits:<\/p>\r\n<p>A altres responsables del tractament<\/p>\r\n<p>Administraci\u00f3 Tribut\u00e0ria<\/p>\r\n<p>Ag\u00e8ncia de Seguretat<\/p>\r\n<p>Bancs i entitats financeres<\/p>\r\n<p>Encarregats de destrucci\u00f3 de documentaci\u00f3<\/p>\r\n<p>Entitats de Consultoria \/ Auditoria<\/p>\r\n<p>Entitats de formaci\u00f3<\/p>\r\n<p>Entitats de publicitat i m\u00e0rqueting<\/p>\r\n<p>Entitats inform\u00e0tiques de manteniment de programari i maquinari<\/p>\r\n<p>Gestoria \/ Assessoria<\/p>\r\n<p>Seguretat social<\/p>\r\n<p>Servei de Prevenci\u00f3 de Riscos Laborals<\/p>\r\n<p>&nbsp;<\/p>\r\n<p><strong>Drets<\/strong><\/p>\r\n<p>Tens dret a obtenir la confirmaci\u00f3 sobre si a Exporthink Bages S.L. estem tractant dades personals que li interessen, o no.<\/p>\r\n<p>Aix\u00ed mateix, t\u00e9 dret d&#8217;acc\u00e9s a les seves dades personals, aix\u00ed com a sol\u00b7licitar la rectificaci\u00f3 dels dades inexactes o, en el seu cas, sol\u00b7licitar la seva supressi\u00f3 quan, entre altres motius, les dades ja no s\u00f3n necessaris per a les finalitats que es van recollir.<\/p>\r\n<p>En determinades circumst\u00e0ncies, es podr\u00e0 sol\u00b7licitar la limitaci\u00f3 del tractament de les seves dades, en cas que nom\u00e9s es conservaran per l&#8217;exercici o la defensa de reclamacions.<\/p>\r\n<p>Addicionalment, en determinades circumst\u00e0ncies i per motius relacionats amb la vostra situaci\u00f3 particular, podr\u00e0 exercir el dret d&#8217;oposici\u00f3 al tractament de les seves dades. Exporthink Bages S.L. deixar\u00e0 de tractar les dades, excepte per motius leg\u00edtims imperatius, o l&#8217;exercici o la defensa de possibles reclamacions.<\/p>\r\n<p>Aix\u00ed mateix, es pot exercir el dret a la portabilitat de dades, aix\u00ed com retirar els consentiments facilitats en qualsevol moment, sense que aix\u00f2 afecti a la legalitat del tractament basada en el consentiment previ a la seva retirada.<\/p>\r\n<p>Alternativament, tamb\u00e9 es pot dirigir a nosaltres mitjan\u00e7ant correu postal a la seg\u00fcent adre\u00e7a: P.I C\/FONT DE LA VENTAIOLA, PARC 1 NAU 3 &#8211; 08670 NAV\u00c0S adjuntant una fotoc\u00f2pia del DNI, per a la verificaci\u00f3 de la seva identitat. Recordeu-vos de facilitar l&#8217;\u00faltima informaci\u00f3 possible sobre la vostra sol\u00b7licitud: Nom i cognoms, adre\u00e7a d&#8217;adre\u00e7a electr\u00f2nica que s&#8217;utilitza per a l&#8217;adre\u00e7a o portal objecte de la vostra sol\u00b7licitud.<\/p>\r\n<p>Per \u00faltim, li informem que es pot dirigir davant l&#8217;Ag\u00e8ncia Espanyola de Protecci\u00f3 de Dades i altres organismes p\u00fablics competents per a qualsevol reclamaci\u00f3 derivada del tractament de les seves dades personals.<\/p>\r\n<p><strong>Pol\u00edtica de cookies<\/strong><\/p>\r\n<p>Per con\u00e8ixer les galetes que utilitzem a la nostra p\u00e0gina, recordeu que podeu accedir a la nostra Pol\u00edtica de Cookies a trav\u00e9s del seg\u00fcent enlla\u00e7 pol\u00edtica de cookies.<\/p>\r\n<p>[\/vc_column_text][\/vc_column][\/vc_row]<\/p>\r\n<\/div>","protected":false},"excerpt":{"rendered":"<p>[vc_row][vc_column][vc_column_text text_larger=&#8220;no&#8220;] Informaci\u00f3 sobre Protecci\u00f3 de Dades Dades relatives al Responsable Tractament responsable Empresa: Exporthink Bages S.L. &#8211; B- 65024929\u00a0<\/p>\n","protected":false},"author":36,"featured_media":0,"parent":0,"menu_order":0,"comment_status":"closed","ping_status":"open","template":"","meta":{"_monsterinsights_skip_tracking":false,"_monsterinsights_sitenote_active":false,"_monsterinsights_sitenote_note":"","_monsterinsights_sitenote_category":0,"footnotes":""},"class_list":["post-7538","page","type-page","status-publish","hentry"],"_links":{"self":[{"href":"https:\/\/clartherm.com\/de\/wp-json\/wp\/v2\/pages\/7538","targetHints":{"allow":["GET"]}}],"collection":[{"href":"https:\/\/clartherm.com\/de\/wp-json\/wp\/v2\/pages"}],"about":[{"href":"https:\/\/clartherm.com\/de\/wp-json\/wp\/v2\/types\/page"}],"author":[{"embeddable":true,"href":"https:\/\/clartherm.com\/de\/wp-json\/wp\/v2\/users\/36"}],"replies":[{"embeddable":true,"href":"https:\/\/clartherm.com\/de\/wp-json\/wp\/v2\/comments?post=7538"}],"version-history":[{"count":1,"href":"https:\/\/clartherm.com\/de\/wp-json\/wp\/v2\/pages\/7538\/revisions"}],"predecessor-version":[{"id":7544,"href":"https:\/\/clartherm.com\/de\/wp-json\/wp\/v2\/pages\/7538\/revisions\/7544"}],"wp:attachment":[{"href":"https:\/\/clartherm.com\/de\/wp-json\/wp\/v2\/media?parent=7538"}],"curies":[{"name":"wp","href":"https:\/\/api.w.org\/{rel}","templated":true}]}}