{"id":8376,"date":"2022-02-22T15:40:15","date_gmt":"2022-02-22T15:42:24","guid":{"rendered":"https:\/\/clartherm.com\/product\/model-eco-24v\/"},"modified":"2023-04-20T13:35:07","modified_gmt":"2023-04-20T13:35:07","slug":"model-eco-24v","status":"publish","type":"product","link":"https:\/\/clartherm.com\/ca\/producte\/model-eco-24v\/","title":{"rendered":"MODEL ECO 24V"},"content":{"rendered":"","protected":false},"excerpt":{"rendered":"<p>Aquest antivaho ECO o 24v. , es la \u00faltima incorporaci\u00f3 a la nostra gama de models. Est\u00e0 fabricat exclusivament per al mercat de miralls de \u00faltima generaci\u00f3 que incorporen transformadors de corrent 220v. a 24v. Per a aquest model sols disposem de 11 mides. Com tots els altres models, \u00e9s un sistema multicapa, que es caracteritza per tenir 4 capes de a\u00efllament i una capa d\u2019adhesiu, afegint tamb\u00e9 un sol cable exterior 2&#215;1 de connexi\u00f3.<\/p>\n<p>Aquest producte suporta un voltatge de 24v \/ 50Hz. Actua en un temps abreviat de uns 3\/5 min assoleix una temperatura de aproximadament 32\u00baC, per tant, \u00e9s r\u00e0pid i efica\u00e7.<\/p>\n<p>A m\u00e9s a m\u00e9s, compta amb una garantia de 5 anys amb un us normal. Aquest model est\u00e0 certificat per IMQ TECNOCREA, sota la norma EN-60335-1:2012+AC:2014+A11:2014+A13:2017+A1:2019+A2:2019 EN-62233:2008..<\/p>\n<p>Recordem que aquest producte s&#8217;ha d&#8217;utilitzar obligatoriament amb transformadors de 24v.<\/p>\n<p>[vc_row][vc_column][woodmart_button woodmart_css_id=\"64413f4edb3d7\" title=\"Fitxa t\u00e8cnica\" link=\"url:https%3A%2F%2Fclartherm.com%2Fwp-content%2Fuploads%2F2023%2F04%2Fficha-tecnica-24v-IMQ-ESP.pdf|target:_blank\" full_width=\"no\" button_inline=\"no\" button_smooth_scroll=\"no\" wd_button_collapsible_content=\"no\" responsive_spacing=\"eyJwYXJhbV90eXBlIjoid29vZG1hcnRfcmVzcG9uc2l2ZV9zcGFjaW5nIiwic2VsZWN0b3JfaWQiOiI2NDQxM2Y0ZWRiM2Q3Iiwic2hvcnRjb2RlIjoid29vZG1hcnRfYnV0dG9uIiwiZGF0YSI6eyJ0YWJsZXQiOnt9LCJtb2JpbGUiOnt9fX0=\"][\/vc_column][\/vc_row]<\/p>\n","protected":false},"featured_media":7520,"template":"","meta":{"_monsterinsights_skip_tracking":false,"_monsterinsights_sitenote_active":false,"_monsterinsights_sitenote_note":"","_monsterinsights_sitenote_category":0},"product_brand":[],"product_cat":[75],"product_tag":[],"class_list":{"0":"post-8376","1":"product","2":"type-product","3":"status-publish","4":"has-post-thumbnail","6":"product_cat-productes","8":"first","9":"instock","10":"shipping-taxable","11":"product-type-simple"},"_links":{"self":[{"href":"https:\/\/clartherm.com\/ca\/wp-json\/wp\/v2\/product\/8376","targetHints":{"allow":["GET"]}}],"collection":[{"href":"https:\/\/clartherm.com\/ca\/wp-json\/wp\/v2\/product"}],"about":[{"href":"https:\/\/clartherm.com\/ca\/wp-json\/wp\/v2\/types\/product"}],"wp:featuredmedia":[{"embeddable":true,"href":"https:\/\/clartherm.com\/ca\/wp-json\/wp\/v2\/media\/7520"}],"wp:attachment":[{"href":"https:\/\/clartherm.com\/ca\/wp-json\/wp\/v2\/media?parent=8376"}],"wp:term":[{"taxonomy":"product_brand","embeddable":true,"href":"https:\/\/clartherm.com\/ca\/wp-json\/wp\/v2\/product_brand?post=8376"},{"taxonomy":"product_cat","embeddable":true,"href":"https:\/\/clartherm.com\/ca\/wp-json\/wp\/v2\/product_cat?post=8376"},{"taxonomy":"product_tag","embeddable":true,"href":"https:\/\/clartherm.com\/ca\/wp-json\/wp\/v2\/product_tag?post=8376"}],"curies":[{"name":"wp","href":"https:\/\/api.w.org\/{rel}","templated":true}]}}