{"id":7523,"date":"2020-11-17T15:19:39","date_gmt":"2020-11-17T15:19:39","guid":{"rendered":"https:\/\/clartherm.com\/product\/modelo-125\/"},"modified":"2023-04-20T13:23:43","modified_gmt":"2023-04-20T13:23:43","slug":"model-110","status":"publish","type":"product","link":"https:\/\/clartherm.com\/ca\/producte\/model-110\/","title":{"rendered":"MODEL 110"},"content":{"rendered":"","protected":false},"excerpt":{"rendered":"<p style=\"text-align: justify;\">El model 110 va ser un producte fabricat per a mercats exclusius de 110v. \u00c9s tamb\u00e9, una resist\u00e8ncia multicapa, que es caracteritza per tenir 4 capes de a\u00efllament i una capa d\u2019adhesiu, afegint tamb\u00e9 un sol cable exterior 2&#215;1 de connexi\u00f3.<\/p>\n<p style=\"text-align: justify;\">Aquest producte suporta un voltatge 110v-125v \/ 60Hz. Actua en un temps abreviat de uns 3\/5 min assoleix una temperatura de aproximadament 32\u00baC, per tant, \u00e9s r\u00e0pid i efica\u00e7.<\/p>\n<p style=\"text-align: justify;\">A m\u00e9s a m\u00e9s, compta amb una garantia de 10 anys amb un us normal. Aquest model est\u00e0 certificat per IMQ TECNOCREA, sota la norma EN-60335-1:2012+AC:2014+A11:2014+A13:2017+A1:2019+A2:2019 EN-62233:2008.<\/p>\n<p style=\"text-align: justify;\">Per a aquest model, les mides son limitades.<\/p>\n<p>[vc_row][vc_column][woodmart_button woodmart_css_id=\"64413cbbb85b2\" title=\"Fitxa t\u00e8cnica\" link=\"url:https%3A%2F%2Fclartherm.com%2Fwp-content%2Fuploads%2F2023%2F04%2Fficha-tecnica-125v-2012-IMQ-ESP.pdf|target:_blank\" full_width=\"no\" button_inline=\"no\" button_smooth_scroll=\"no\" wd_button_collapsible_content=\"no\" responsive_spacing=\"eyJwYXJhbV90eXBlIjoid29vZG1hcnRfcmVzcG9uc2l2ZV9zcGFjaW5nIiwic2VsZWN0b3JfaWQiOiI2NDQxM2NiYmI4NWIyIiwic2hvcnRjb2RlIjoid29vZG1hcnRfYnV0dG9uIiwiZGF0YSI6eyJ0YWJsZXQiOnt9LCJtb2JpbGUiOnt9fX0=\"][\/vc_column][\/vc_row]<\/p>\n","protected":false},"featured_media":7525,"template":"","meta":{"_monsterinsights_skip_tracking":false,"_monsterinsights_sitenote_active":false,"_monsterinsights_sitenote_note":"","_monsterinsights_sitenote_category":0},"product_brand":[],"product_cat":[75],"product_tag":[],"class_list":{"0":"post-7523","1":"product","2":"type-product","3":"status-publish","4":"has-post-thumbnail","6":"product_cat-productes","8":"first","9":"instock","10":"virtual","11":"product-type-simple"},"_links":{"self":[{"href":"https:\/\/clartherm.com\/ca\/wp-json\/wp\/v2\/product\/7523","targetHints":{"allow":["GET"]}}],"collection":[{"href":"https:\/\/clartherm.com\/ca\/wp-json\/wp\/v2\/product"}],"about":[{"href":"https:\/\/clartherm.com\/ca\/wp-json\/wp\/v2\/types\/product"}],"wp:featuredmedia":[{"embeddable":true,"href":"https:\/\/clartherm.com\/ca\/wp-json\/wp\/v2\/media\/7525"}],"wp:attachment":[{"href":"https:\/\/clartherm.com\/ca\/wp-json\/wp\/v2\/media?parent=7523"}],"wp:term":[{"taxonomy":"product_brand","embeddable":true,"href":"https:\/\/clartherm.com\/ca\/wp-json\/wp\/v2\/product_brand?post=7523"},{"taxonomy":"product_cat","embeddable":true,"href":"https:\/\/clartherm.com\/ca\/wp-json\/wp\/v2\/product_cat?post=7523"},{"taxonomy":"product_tag","embeddable":true,"href":"https:\/\/clartherm.com\/ca\/wp-json\/wp\/v2\/product_tag?post=7523"}],"curies":[{"name":"wp","href":"https:\/\/api.w.org\/{rel}","templated":true}]}}