{"id":7447,"date":"2020-11-17T11:18:12","date_gmt":"2020-11-17T11:18:12","guid":{"rendered":"https:\/\/clartherm.com\/quienes-somos\/"},"modified":"2023-04-20T09:22:36","modified_gmt":"2023-04-20T09:22:36","slug":"qui-som","status":"publish","type":"page","link":"https:\/\/clartherm.com\/ca\/qui-som\/","title":{"rendered":"Qui som"},"content":{"rendered":"<div class=\"wpb-content-wrapper\"><p>[vc_row full_width=&#8221;stretch_row_content_no_spaces&#8221; css=&#8221;.vc_custom_1509464121140{margin-top: -40px !important;}&#8221;][vc_column css=&#8221;.vc_custom_1509464067460{margin-top: -40px !important;padding-top: 0px !important;}&#8221;][rev_slider_vc alias=&#8221;inici-1&#8243;][\/vc_column][\/vc_row][vc_row full_width=&#8221;stretch_row&#8221; woodmart_disable_overflow=&#8221;1&#8243; css=&#8221;.vc_custom_1605605660387{padding-top: 2vh !important;padding-bottom: 2vh !important;background-color: #a2cdef !important;background-position: center !important;background-repeat: no-repeat !important;background-size: cover !important;}&#8221; mobile_bg_img_hidden=&#8221;no&#8221; tablet_bg_img_hidden=&#8221;no&#8221; woodmart_parallax=&#8221;0&#8243; woodmart_gradient_switch=&#8221;no&#8221; row_reverse_mobile=&#8221;0&#8243; row_reverse_tablet=&#8221;0&#8243;][vc_column woodmart_color_scheme=&#8221;light&#8221; css=&#8221;.vc_custom_1509546495973{padding-top: 0px !important;}&#8221;]\t\t\t<div id=\"wd-60460bbbd9181\" class=\"wd-text-block-wrapper wd-wpb wd-rs-60460bbbd9181 color-scheme-light text-center wd-width-enabled vc_custom_1615203271332\" style=\"--wd-max-width: 50%;\">\n\t\t\t\t<div class=\"woodmart-title-container woodmart-text-block reset-last-child font-primary wd-font-weight-600 \">\n\t\t\t\t\t\u00bfQUI SOM?\t\t\t\t<\/div>\n\n\t\t\t\t\t\t\t<\/div>\n\t\t[\/vc_column][\/vc_row][vc_row][vc_column][vc_empty_space height=&#8221;20px&#8221; woodmart_hide_large=&#8221;0&#8243; woodmart_hide_medium=&#8221;0&#8243; woodmart_hide_small=&#8221;0&#8243; woodmart_hide_extra_small=&#8221;0&#8243;][\/vc_column][\/vc_row][vc_row][vc_column][vc_column_text css=&#8221;.vc_custom_1615203421818{margin-bottom: 20px !important;}&#8221; text_larger=&#8221;no&#8221;]<\/p>\n<p style=\"text-align: justify;\">Exporthink Bages S.L fabrica i comercialitza sistemes antibaf per a miralls de bany des de fa m\u00e9s de 30 anys.<br \/>\nUbicada en el centre de Catalu\u00f1a, m\u00e9s concretament en la poblaci\u00f3 de Nav\u00e1s on disposa de 1500m<sup>2<\/sup> de nau on es fabrica i es distribueix el producte.<\/p>\n<p>[\/vc_column_text][vc_column_text css=&#8221;.vc_custom_1615203480977{margin-bottom: 20px !important;}&#8221; text_larger=&#8221;no&#8221;]Un equip de professionals al cap davant d&#8217;una petita gran empresa.[\/vc_column_text][\/vc_column][\/vc_row][vc_row][vc_column][vc_empty_space height=&#8221;20px&#8221; woodmart_hide_large=&#8221;0&#8243; woodmart_hide_medium=&#8221;0&#8243; woodmart_hide_small=&#8221;0&#8243; woodmart_hide_extra_small=&#8221;0&#8243;][\/vc_column][\/vc_row][vc_row content_placement=&#8221;middle&#8221; css=&#8221;.vc_custom_1505555012006{margin-bottom: 5vh !important;}&#8221;][vc_column offset=&#8221;vc_col-md-6&#8243;]\t\t<div id=\"gallery_122\" class=\"wd-images-gallery wd-wpb wd-rs-64410458d2e51 photoswipe-images wd-carousel-container wd-wpb\" style=\"--wd-justify-content:center;--wd-align-items:center;\">\n\t\t\t\t\t\t\t<div class=\"wd-carousel-inner\">\n\t\t\t\n\t\t\t<div class=\" wd-carousel wd-grid\"data-speed=\"3000\" data-autoplay=\"yes\" data-scroll_per_page=\"yes\" style=\"--wd-col-lg:1;--wd-col-md:1;--wd-col-sm:1;--wd-gap-lg:0px;\">\n\t\t\t\t\t\t\t\t\t<div class=\"wd-carousel-wrap\">\n\t\t\t\t\n\t\t\t\t\t\t\t\t\t\t\t\t\t\t\t<div class=\"wd-gallery-item wd-carousel-item\">\n\t\t\t\t\t\t\t\t\t\t\t\t\t\t<a href=\"https:\/\/clartherm.com\/wp-content\/uploads\/2020\/12\/ISAAC-2-2.png\" data-elementor-open-lightbox=\"no\" data-index=\"1\" data-width=\"320\" data-height=\"427\" \n\t\t\t\t\t\t\t\t\t\t\t\t\t\t\t\t\t\t\t\t>\n\t\t\t\t\t\t\t\t\n\t\t\t\t\t\t\t\t<img loading=\"lazy\" decoding=\"async\" width=\"320\" height=\"427\" src=\"https:\/\/clartherm.com\/wp-content\/uploads\/2020\/12\/ISAAC-2-2.png\" class=\"wd-gallery-image image-1\" alt=\"\" srcset=\"https:\/\/clartherm.com\/wp-content\/uploads\/2020\/12\/ISAAC-2-2.png 320w, https:\/\/clartherm.com\/wp-content\/uploads\/2020\/12\/ISAAC-2-2-225x300.png 225w\" sizes=\"auto, (max-width: 320px) 100vw, 320px\" \/>\n\t\t\t\t\t\t\t\t\t\t\t\t\t\t\t<\/a>\n\t\t\t\t\t\t\t\t\t\t\t\t<\/div>\n\t\t\t\t\t\t\t\t\t\n\t\t\t\t\t\t\t\t\t<\/div>\n\t\t\t\t\t\t\t<\/div>\n\n\t\t\t\t\t\t\t\t\t\t\t\t\t\t<div class=\"wd-nav-arrows wd-pos-sep wd-hover-1 wd-icon-1\">\n\t\t\t<div class=\"wd-btn-arrow wd-prev wd-disabled\">\n\t\t\t\t<div class=\"wd-arrow-inner\"><\/div>\n\t\t\t<\/div>\n\t\t\t<div class=\"wd-btn-arrow wd-next\">\n\t\t\t\t<div class=\"wd-arrow-inner\"><\/div>\n\t\t\t<\/div>\n\t\t<\/div>\n\t\t\t\t\t\t\n\t\t\t\t<\/div>\n\n\t\t\t\t\t\t<div class=\"wd-nav-pagin-wrap text-center wd-style-shape wd-hide-md-sm wd-hide-sm\">\n\t\t\t<ul class=\"wd-nav-pagin\"><\/ul>\n\t\t<\/div>\n\t\t\t\t\t\t\t\t\t\t\t<\/div>\n\t\t[\/vc_column][vc_column woodmart_color_scheme=&#8221;dark&#8221; css=&#8221;.vc_custom_1505897347535{padding-top: 2vh !important;padding-bottom: 2vh !important;background-position: 0 0 !important;background-repeat: no-repeat !important;}&#8221; offset=&#8221;vc_col-md-6 vc_col-xs-12&#8243;][vc_column_text css=&#8221;.vc_custom_1615813311408{margin-bottom: 20px !important;}&#8221; text_larger=&#8221;no&#8221;]<\/p>\n<p style=\"text-align: justify;\">La nostra empresa dona servei a clients de tota Espanya, aix\u00ed com tamb\u00e9 als Emirats \u00c1rabs, Qatar, Arabia Saudita, Lituania, India, Austria, Polonia; Portugal, Alemanya; Fran\u00e7a, Marroc, Brasil, etc. Som l&#8217;empresa pionera a Espa\u00f1a en la fabricaci\u00f3 de l\u00e1mines antibaf per miralls de bany.<\/p>\n<p>[\/vc_column_text][vc_column_text css=&#8221;.vc_custom_1615813426382{margin-bottom: 20px !important;}&#8221; text_larger=&#8221;no&#8221;]<\/p>\n<p style=\"text-align: justify;\">El producte Clartherm \u00e9s innovador i pr\u00e0ctic. Tots els nostres models son sotmesos a rigurosos controls abans de la seva sortida. Cumplim amb totes les certificacions obligatories per a la seva comercialitzaci\u00f3 per a tot el m\u00f3n. T\u00dcV Rheinland Group certifica el nostre model 2012 i el model 125, aix\u00ed com tamb\u00e9 el seu proc\u00e9s de fabricaci\u00f3, per a poder oferir la m\u00e0xima qualitat a tots els nostres clients.<\/p>\n<p>[\/vc_column_text][vc_column_text css=&#8221;.vc_custom_1615205314604{margin-bottom: 20px !important;}&#8221; text_larger=&#8221;no&#8221;]<\/p>\n<p style=\"text-align: justify;\">Som especialistes en fabricar a mida i ens adaptem a les necessitats de cada un dels nostres clients.<\/p>\n<p>[\/vc_column_text][\/vc_column][\/vc_row]<\/p>\n<\/div>","protected":false},"excerpt":{"rendered":"<p>[vc_row full_width=&#8221;stretch_row_content_no_spaces&#8221; css=&#8221;.vc_custom_1509464121140{margin-top: -40px !important;}&#8221;][vc_column css=&#8221;.vc_custom_1509464067460{margin-top: -40px !important;padding-top: 0px !important;}&#8221;][rev_slider_vc alias=&#8221;inici-1&#8243;][\/vc_column][\/vc_row][vc_row full_width=&#8221;stretch_row&#8221; woodmart_disable_overflow=&#8221;1&#8243; css=&#8221;.vc_custom_1605605660387{padding-top: 2vh !important;padding-bottom: 2vh !important;background-color: #a2cdef !important;background-position:<\/p>\n","protected":false},"author":36,"featured_media":0,"parent":0,"menu_order":0,"comment_status":"closed","ping_status":"closed","template":"","meta":{"_monsterinsights_skip_tracking":false,"_monsterinsights_sitenote_active":false,"_monsterinsights_sitenote_note":"","_monsterinsights_sitenote_category":0,"footnotes":""},"class_list":["post-7447","page","type-page","status-publish","hentry"],"_links":{"self":[{"href":"https:\/\/clartherm.com\/ca\/wp-json\/wp\/v2\/pages\/7447","targetHints":{"allow":["GET"]}}],"collection":[{"href":"https:\/\/clartherm.com\/ca\/wp-json\/wp\/v2\/pages"}],"about":[{"href":"https:\/\/clartherm.com\/ca\/wp-json\/wp\/v2\/types\/page"}],"author":[{"embeddable":true,"href":"https:\/\/clartherm.com\/ca\/wp-json\/wp\/v2\/users\/36"}],"replies":[{"embeddable":true,"href":"https:\/\/clartherm.com\/ca\/wp-json\/wp\/v2\/comments?post=7447"}],"version-history":[{"count":7,"href":"https:\/\/clartherm.com\/ca\/wp-json\/wp\/v2\/pages\/7447\/revisions"}],"predecessor-version":[{"id":8749,"href":"https:\/\/clartherm.com\/ca\/wp-json\/wp\/v2\/pages\/7447\/revisions\/8749"}],"wp:attachment":[{"href":"https:\/\/clartherm.com\/ca\/wp-json\/wp\/v2\/media?parent=7447"}],"curies":[{"name":"wp","href":"https:\/\/api.w.org\/{rel}","templated":true}]}}